{"id":1029,"date":"2020-01-29T01:27:27","date_gmt":"2020-01-29T00:27:27","guid":{"rendered":"http:\/\/galerielin.com\/?page_id=1029"},"modified":"2022-01-02T22:40:58","modified_gmt":"2022-01-02T21:40:58","slug":"vincent-amiri","status":"publish","type":"page","link":"https:\/\/yvongoossens.com\/index.php\/vincent-amiri\/","title":{"rendered":"EXPOSITION \/ VINCENT AMIRI \/ THE PLACE, THE DAY WE&rsquo;LL MEET."},"content":{"rendered":"\t\t<div data-elementor-type=\"wp-page\" data-elementor-id=\"1029\" class=\"elementor elementor-1029\" data-elementor-settings=\"[]\">\n\t\t\t\t\t\t\t<div class=\"elementor-section-wrap\">\n\t\t\t\t\t\t\t<section class=\"elementor-section elementor-top-section elementor-element elementor-element-587ae8a elementor-section-boxed elementor-section-height-default elementor-section-height-default\" data-id=\"587ae8a\" data-element_type=\"section\">\n\t\t\t\t\t\t<div class=\"elementor-container elementor-column-gap-default\">\n\t\t\t\t\t<div class=\"elementor-column elementor-col-100 elementor-top-column elementor-element elementor-element-5f893de\" data-id=\"5f893de\" data-element_type=\"column\">\n\t\t\t<div class=\"elementor-widget-wrap elementor-element-populated\">\n\t\t\t\t\t\t\t\t<div class=\"elementor-element elementor-element-dd1da92 elementor-widget elementor-widget-spacer\" data-id=\"dd1da92\" data-element_type=\"widget\" data-widget_type=\"spacer.default\">\n\t\t\t\t<div class=\"elementor-widget-container\">\n\t\t\t\t\t<div class=\"elementor-spacer\">\n\t\t\t<div class=\"elementor-spacer-inner\"><\/div>\n\t\t<\/div>\n\t\t\t\t<\/div>\n\t\t\t\t<\/div>\n\t\t\t\t<section class=\"elementor-section elementor-inner-section elementor-element elementor-element-4216ad6 elementor-section-boxed elementor-section-height-default elementor-section-height-default\" data-id=\"4216ad6\" data-element_type=\"section\">\n\t\t\t\t\t\t<div class=\"elementor-container elementor-column-gap-default\">\n\t\t\t\t\t<div class=\"elementor-column elementor-col-50 elementor-inner-column elementor-element elementor-element-7e5fdc8\" data-id=\"7e5fdc8\" data-element_type=\"column\">\n\t\t\t<div class=\"elementor-widget-wrap elementor-element-populated\">\n\t\t\t\t\t\t\t\t<div class=\"elementor-element elementor-element-16b77c2 elementor-widget elementor-widget-text-editor\" data-id=\"16b77c2\" data-element_type=\"widget\" data-widget_type=\"text-editor.default\">\n\t\t\t\t<div class=\"elementor-widget-container\">\n\t\t\t\t\t\t\t\t<p>THE PLACE, THE DAY WE&rsquo;LL MEET.<\/p><p>Vincent Amiri<\/p><p style=\"text-align: right;\">3 octobre 2019<\/p><p>Fortuna ad vitam.<\/p><p>En parcourant les clich\u00e9s photographiques de Vincent, une phrase de Marc-Aur\u00e8le, Empereur romain et philosophe sto\u00efcien du II -\u00e8me si\u00e8cle, surgit \u00e0 ma pens\u00e9e : \u00ab \u00d4 monde je veux ce que tu veux et tout ce qui arrive, arrive justement \u00bb. Contrairement aux autres formes d\u2019expressions artistiques, la photographie a ceci de singulier qu\u2019elle est un \u00eatre bic\u00e9phale qui scrute le monde dans deux directions oppos\u00e9es et irr\u00e9conciliables. La premi\u00e8re voie est celle du d\u00e9miurge, quand l\u2019\u0153il du photographe d\u00e9vore et dig\u00e8re le monde pour le recomposer en miroirs narcissiques de ses r\u00eaveries. Il tisse entre les \u00eatres soudainement arrach\u00e9s \u00e0 leur destin\u00e9e, des correspondances myst\u00e9rieuses dont lui seul a la clef. La d\u00e9marche de Vincent suit le chemin oppos\u00e9. Il n&rsquo;est pas le cr\u00e9ateur omnipotent qui ordonne le monde selon son grand angle artistique, il est le m\u00e9dium fixant la beaut\u00e9 des \u00eatres et de leurs gestes qui d\u2019ordinaire se d\u00e9robe dans les plis invisibles du temps. Il n\u2019impose pas ses d\u00e9sirs, il est le sto\u00efcien qui s\u2019efface devant la parfaite harmonie de la Cr\u00e9ation en d\u00e9clarant \u00ab \u00d4 monde je veux ce que tu veux \u00bb. Il ne juge pas, il enveloppe ses sujets d\u2019un regard bienveillant car il sait que \u00ab tout ce qui arrive, arrive justement \u00bb. Ce qui semble hasardeux, bancal, accidentel, rec\u00e8le en v\u00e9rit\u00e9, une perfection dont l\u2019ordonnancement nous \u00e9chappe mais qui peut nous toucher de sa gr\u00e2ce pour peu que nous suspendions notre jugement. Cette asc\u00e8se est ce que les sto\u00efciens appelaient \u00ab \u00e9pok\u00e8 \u00bb : ouvrir son esprit \u00e0 tous les possibles, s\u2019affirmer pleinement en \u00e9pousant chacune de ses contradictions, en ne s\u2019effrayant pas, mais au contraire en savourant l\u2019\u00e9quilibre subtil, la tension que provoque la confrontation des forces contradictoires en soi et hors de soi. Ainsi nous pouvons atteindre l\u2019apatheia, la paix int\u00e9rieure et la pleine affirmation de soi. C\u2019est ce travail d\u2019\u00e9pok\u00e9 que Vincent nous livre \u00e0 travers cette exposition. Le photographe a accompli son alchimie en suspendant le temps pour surprendre le beau et maintenant il se retire sur la pointe des pieds pour nous laisser seuls traverser le labyrinthe color\u00e9 de ses rencontres et de nos \u00e9motions. Emotions et surprises ! Nous pensions voir et nous voil\u00e0 vus, spectateurs nous devenons aussi le spectacle. Sans m\u00e9nagement, nous sommes donn\u00e9s en p\u00e2ture \u00e0 l\u2019expressivit\u00e9 brute de ces femmes qui parfois nous observent, parfois nous ignorent et toujours nous bouleversent en assumant pleinement leurs contradictions quand nous nous effor\u00e7ons jour apr\u00e8s jour de dissimuler les n\u00f4tres.<\/p><p>Si la f\u00e9minit\u00e9 peut se d\u00e9finir par la capacit\u00e9 que nous avons tous \u00e0 nous connecter pleinement \u00e0 nos \u00e9motions, alors ces femmes lib\u00e9r\u00e9es, rayonnantes de leur f\u00e9minit\u00e9, nous invitent \u00e0 nous r\u00e9concilier avec ce que nous appelons nos d\u00e9mons int\u00e9rieurs : ces parts sombres qui ne le sont que parce qu\u2019elles sont r\u00e9prim\u00e9es au plus profond de notre \u00eatre pour ne pas d\u00e9plaire aux autres, pour ne pas para\u00eetre fou. A travers elles, nous assistons aux m\u00e9tamorphoses de la f\u00e9minit\u00e9. Femme au regard si sage et pond\u00e9r\u00e9 semblant sortir tout droit d\u2019un tableau de Vermeer qui se transforme en chatoyante Esmeralda des temps modernes. Figures maternelles, douces et caressantes, qui deviennent provocatrices, s\u00e9ductrices, br\u00fblantes d\u2019\u00e9rotisme. Expression de joie sereine qui finit par se perdre dans la douce m\u00e9lancolie d\u2019un souvenir lointain. Corps ma\u00eetris\u00e9 par la souplesse d\u2019une arabesque ; corps qui s\u2019abandonne, alangui de sensualit\u00e9 sur un sofa lac\u00e9r\u00e9 par les griffes du d\u00e9sir (l\u2019extase est aussi une b\u00e9ance). Femme qui nous offre \u00e0 pleines mains sa compassion, ou qui se retient et nous interroge retranch\u00e9e derri\u00e8re une posture tout en pudeur. Ces mille incarnations de la f\u00e9minit\u00e9 nous d\u00e9montrent avec \u00e9clat, qu\u2019il n\u2019y a pas de paradis sans enfer, de puret\u00e9 sans tentation, de po\u00e9sie sans le ferment de la folie ! La vie est une explosion, un bouillonnement permanent d\u2019\u00e9nergies et de mati\u00e8res qui s\u2019entrechoquent, fusionnent, \u00e9changent et se transforment. Elle circule en nous, \u00e0 travers nous et notre devoir sacr\u00e9, s\u2019il en est un seul, est de la laisser se renouveler librement au hasard de nos rencontres. Fortuna ad vitam.<\/p><p style=\"text-align: right;\">Amaury Villalon<\/p>\t\t\t\t\t\t<\/div>\n\t\t\t\t<\/div>\n\t\t\t\t<div class=\"elementor-element elementor-element-4b53cf6 elementor-widget elementor-widget-toggle\" data-id=\"4b53cf6\" data-element_type=\"widget\" data-widget_type=\"toggle.default\">\n\t\t\t\t<div class=\"elementor-widget-container\">\n\t\t\t\t\t<div class=\"elementor-toggle\" role=\"tablist\">\n\t\t\t\t\t\t\t<div class=\"elementor-toggle-item\">\n\t\t\t\t\t<div id=\"elementor-tab-title-7891\" class=\"elementor-tab-title\" data-tab=\"1\" role=\"tab\" aria-controls=\"elementor-tab-content-7891\" aria-expanded=\"false\">\n\t\t\t\t\t\t\t\t\t\t\t\t<span class=\"elementor-toggle-icon elementor-toggle-icon-left\" aria-hidden=\"true\">\n\t\t\t\t\t\t\t\t\t\t\t\t\t\t\t<span class=\"elementor-toggle-icon-closed\"><i class=\"fas fa-caret-right\"><\/i><\/span>\n\t\t\t\t\t\t\t\t<span class=\"elementor-toggle-icon-opened\"><i class=\"elementor-toggle-icon-opened fas fa-caret-up\"><\/i><\/span>\n\t\t\t\t\t\t\t\t\t\t\t\t\t<\/span>\n\t\t\t\t\t\t\t\t\t\t\t\t<a href=\"\" class=\"elementor-toggle-title\">Affiche<\/a>\n\t\t\t\t\t<\/div>\n\t\t\t\t\t<div id=\"elementor-tab-content-7891\" class=\"elementor-tab-content elementor-clearfix\" data-tab=\"1\" role=\"tabpanel\" aria-labelledby=\"elementor-tab-title-7891\"><p><img decoding=\"async\" loading=\"lazy\" class=\"alignnone wp-image-2745 size-large\" src=\"http:\/\/yvongoossens.com\/wp-content\/uploads\/2022\/01\/Vincent-Amiri-Galerie-Lin-Alternative-Proposition-Yvon-Goossens-The-place-the-day-well-meet-Affiche-724x1024.jpg\" alt=\"\" width=\"724\" height=\"1024\" srcset=\"https:\/\/yvongoossens.com\/wp-content\/uploads\/2022\/01\/Vincent-Amiri-Galerie-Lin-Alternative-Proposition-Yvon-Goossens-The-place-the-day-well-meet-Affiche-724x1024.jpg 724w, https:\/\/yvongoossens.com\/wp-content\/uploads\/2022\/01\/Vincent-Amiri-Galerie-Lin-Alternative-Proposition-Yvon-Goossens-The-place-the-day-well-meet-Affiche-212x300.jpg 212w, https:\/\/yvongoossens.com\/wp-content\/uploads\/2022\/01\/Vincent-Amiri-Galerie-Lin-Alternative-Proposition-Yvon-Goossens-The-place-the-day-well-meet-Affiche-768x1086.jpg 768w, https:\/\/yvongoossens.com\/wp-content\/uploads\/2022\/01\/Vincent-Amiri-Galerie-Lin-Alternative-Proposition-Yvon-Goossens-The-place-the-day-well-meet-Affiche-1086x1536.jpg 1086w, https:\/\/yvongoossens.com\/wp-content\/uploads\/2022\/01\/Vincent-Amiri-Galerie-Lin-Alternative-Proposition-Yvon-Goossens-The-place-the-day-well-meet-Affiche-1448x2048.jpg 1448w, https:\/\/yvongoossens.com\/wp-content\/uploads\/2022\/01\/Vincent-Amiri-Galerie-Lin-Alternative-Proposition-Yvon-Goossens-The-place-the-day-well-meet-Affiche-scaled.jpg 1810w\" sizes=\"(max-width: 724px) 100vw, 724px\" \/><\/p><\/div>\n\t\t\t\t<\/div>\n\t\t\t\t\t\t\t\t<\/div>\n\t\t\t\t<\/div>\n\t\t\t\t<\/div>\n\t\t\t\t\t<\/div>\n\t\t<\/div>\n\t\t\t\t<div class=\"elementor-column elementor-col-50 elementor-inner-column elementor-element elementor-element-f207f39\" data-id=\"f207f39\" data-element_type=\"column\">\n\t\t\t<div class=\"elementor-widget-wrap\">\n\t\t\t\t\t\t\t\t\t<\/div>\n\t\t<\/div>\n\t\t\t\t\t\t\t<\/div>\n\t\t<\/section>\n\t\t\t\t<div class=\"elementor-element elementor-element-9ba559a elementor-widget elementor-widget-image\" data-id=\"9ba559a\" data-element_type=\"widget\" data-widget_type=\"image.default\">\n\t\t\t\t<div class=\"elementor-widget-container\">\n\t\t\t\t\t\t\t\t\t\t\t\t\t\t\t<img decoding=\"async\" src=\"http:\/\/galerielin.com\/wp-content\/uploads\/2020\/01\/flogo_2592.jpg\" title=\"\" alt=\"\" \/>\t\t\t\t\t\t\t\t\t\t\t\t\t\t\t<\/div>\n\t\t\t\t<\/div>\n\t\t\t\t<div class=\"elementor-element elementor-element-95878f5 elementor-widget elementor-widget-image\" data-id=\"95878f5\" data-element_type=\"widget\" data-widget_type=\"image.default\">\n\t\t\t\t<div class=\"elementor-widget-container\">\n\t\t\t\t\t\t\t\t\t\t\t\t\t\t\t<img decoding=\"async\" src=\"http:\/\/galerielin.com\/wp-content\/uploads\/2020\/01\/flogo_2414.jpg\" title=\"\" alt=\"\" \/>\t\t\t\t\t\t\t\t\t\t\t\t\t\t\t<\/div>\n\t\t\t\t<\/div>\n\t\t\t\t<div class=\"elementor-element elementor-element-e88eb72 elementor-widget elementor-widget-image\" data-id=\"e88eb72\" data-element_type=\"widget\" data-widget_type=\"image.default\">\n\t\t\t\t<div class=\"elementor-widget-container\">\n\t\t\t\t\t\t\t\t\t\t\t\t\t\t\t<img decoding=\"async\" src=\"http:\/\/galerielin.com\/wp-content\/uploads\/2020\/01\/70081431_10156561990353601_1874111483575533568_n.jpg\" title=\"\" alt=\"\" \/>\t\t\t\t\t\t\t\t\t\t\t\t\t\t\t<\/div>\n\t\t\t\t<\/div>\n\t\t\t\t<section class=\"elementor-section elementor-inner-section elementor-element elementor-element-1f7f2fe elementor-section-boxed elementor-section-height-default elementor-section-height-default\" data-id=\"1f7f2fe\" data-element_type=\"section\">\n\t\t\t\t\t\t<div class=\"elementor-container elementor-column-gap-default\">\n\t\t\t\t\t<div class=\"elementor-column elementor-col-50 elementor-inner-column elementor-element elementor-element-d0b2ff0\" data-id=\"d0b2ff0\" data-element_type=\"column\">\n\t\t\t<div class=\"elementor-widget-wrap elementor-element-populated\">\n\t\t\t\t\t\t\t\t<div class=\"elementor-element elementor-element-a15c743 elementor-widget elementor-widget-image\" data-id=\"a15c743\" data-element_type=\"widget\" data-widget_type=\"image.default\">\n\t\t\t\t<div class=\"elementor-widget-container\">\n\t\t\t\t\t\t\t\t\t\t\t\t\t\t\t<img loading=\"lazy\" width=\"1024\" height=\"682\" src=\"https:\/\/yvongoossens.com\/wp-content\/uploads\/2022\/01\/Vincent-Amiri-Galerie-Lin-Alternative-Proposition-Yvon-Goossens-The-place-the-day-well-meet-3-1024x682.jpg\" class=\"attachment-large size-large\" alt=\"\" decoding=\"async\" srcset=\"https:\/\/yvongoossens.com\/wp-content\/uploads\/2022\/01\/Vincent-Amiri-Galerie-Lin-Alternative-Proposition-Yvon-Goossens-The-place-the-day-well-meet-3-1024x682.jpg 1024w, https:\/\/yvongoossens.com\/wp-content\/uploads\/2022\/01\/Vincent-Amiri-Galerie-Lin-Alternative-Proposition-Yvon-Goossens-The-place-the-day-well-meet-3-300x200.jpg 300w, https:\/\/yvongoossens.com\/wp-content\/uploads\/2022\/01\/Vincent-Amiri-Galerie-Lin-Alternative-Proposition-Yvon-Goossens-The-place-the-day-well-meet-3-768x511.jpg 768w, https:\/\/yvongoossens.com\/wp-content\/uploads\/2022\/01\/Vincent-Amiri-Galerie-Lin-Alternative-Proposition-Yvon-Goossens-The-place-the-day-well-meet-3-1536x1022.jpg 1536w, https:\/\/yvongoossens.com\/wp-content\/uploads\/2022\/01\/Vincent-Amiri-Galerie-Lin-Alternative-Proposition-Yvon-Goossens-The-place-the-day-well-meet-3.jpg 1803w\" sizes=\"(max-width: 1024px) 100vw, 1024px\" \/>\t\t\t\t\t\t\t\t\t\t\t\t\t\t\t<\/div>\n\t\t\t\t<\/div>\n\t\t\t\t\t<\/div>\n\t\t<\/div>\n\t\t\t\t<div class=\"elementor-column elementor-col-50 elementor-inner-column elementor-element elementor-element-f87dc26\" data-id=\"f87dc26\" data-element_type=\"column\">\n\t\t\t<div class=\"elementor-widget-wrap elementor-element-populated\">\n\t\t\t\t\t\t\t\t<div class=\"elementor-element elementor-element-e640ee5 elementor-widget elementor-widget-image\" data-id=\"e640ee5\" data-element_type=\"widget\" data-widget_type=\"image.default\">\n\t\t\t\t<div class=\"elementor-widget-container\">\n\t\t\t\t\t\t\t\t\t\t\t\t\t\t\t<img loading=\"lazy\" width=\"1024\" height=\"682\" src=\"https:\/\/yvongoossens.com\/wp-content\/uploads\/2022\/01\/Vincent-Amiri-Galerie-Lin-Alternative-Proposition-Yvon-Goossens-The-place-the-day-well-meet-4-1024x682.jpg\" class=\"attachment-large size-large\" alt=\"\" decoding=\"async\" srcset=\"https:\/\/yvongoossens.com\/wp-content\/uploads\/2022\/01\/Vincent-Amiri-Galerie-Lin-Alternative-Proposition-Yvon-Goossens-The-place-the-day-well-meet-4-1024x682.jpg 1024w, https:\/\/yvongoossens.com\/wp-content\/uploads\/2022\/01\/Vincent-Amiri-Galerie-Lin-Alternative-Proposition-Yvon-Goossens-The-place-the-day-well-meet-4-300x200.jpg 300w, https:\/\/yvongoossens.com\/wp-content\/uploads\/2022\/01\/Vincent-Amiri-Galerie-Lin-Alternative-Proposition-Yvon-Goossens-The-place-the-day-well-meet-4-768x511.jpg 768w, https:\/\/yvongoossens.com\/wp-content\/uploads\/2022\/01\/Vincent-Amiri-Galerie-Lin-Alternative-Proposition-Yvon-Goossens-The-place-the-day-well-meet-4-1536x1022.jpg 1536w, https:\/\/yvongoossens.com\/wp-content\/uploads\/2022\/01\/Vincent-Amiri-Galerie-Lin-Alternative-Proposition-Yvon-Goossens-The-place-the-day-well-meet-4.jpg 1803w\" sizes=\"(max-width: 1024px) 100vw, 1024px\" \/>\t\t\t\t\t\t\t\t\t\t\t\t\t\t\t<\/div>\n\t\t\t\t<\/div>\n\t\t\t\t\t<\/div>\n\t\t<\/div>\n\t\t\t\t\t\t\t<\/div>\n\t\t<\/section>\n\t\t\t\t<section class=\"elementor-section elementor-inner-section elementor-element elementor-element-693247c elementor-section-boxed elementor-section-height-default elementor-section-height-default\" data-id=\"693247c\" data-element_type=\"section\">\n\t\t\t\t\t\t<div class=\"elementor-container elementor-column-gap-default\">\n\t\t\t\t\t<div class=\"elementor-column elementor-col-50 elementor-inner-column elementor-element elementor-element-fbfa8e3\" data-id=\"fbfa8e3\" data-element_type=\"column\">\n\t\t\t<div class=\"elementor-widget-wrap elementor-element-populated\">\n\t\t\t\t\t\t\t\t<div class=\"elementor-element elementor-element-6ce663f elementor-widget elementor-widget-image\" data-id=\"6ce663f\" data-element_type=\"widget\" data-widget_type=\"image.default\">\n\t\t\t\t<div class=\"elementor-widget-container\">\n\t\t\t\t\t\t\t\t\t\t\t\t\t\t\t<img loading=\"lazy\" width=\"1024\" height=\"681\" src=\"https:\/\/yvongoossens.com\/wp-content\/uploads\/2022\/01\/Vincent-Amiri-Galerie-Lin-Alternative-Proposition-Yvon-Goossens-The-place-the-day-well-meet-1-1024x681.jpeg\" class=\"attachment-large size-large\" alt=\"\" decoding=\"async\" srcset=\"https:\/\/yvongoossens.com\/wp-content\/uploads\/2022\/01\/Vincent-Amiri-Galerie-Lin-Alternative-Proposition-Yvon-Goossens-The-place-the-day-well-meet-1-1024x681.jpeg 1024w, https:\/\/yvongoossens.com\/wp-content\/uploads\/2022\/01\/Vincent-Amiri-Galerie-Lin-Alternative-Proposition-Yvon-Goossens-The-place-the-day-well-meet-1-300x200.jpeg 300w, https:\/\/yvongoossens.com\/wp-content\/uploads\/2022\/01\/Vincent-Amiri-Galerie-Lin-Alternative-Proposition-Yvon-Goossens-The-place-the-day-well-meet-1-768x511.jpeg 768w, https:\/\/yvongoossens.com\/wp-content\/uploads\/2022\/01\/Vincent-Amiri-Galerie-Lin-Alternative-Proposition-Yvon-Goossens-The-place-the-day-well-meet-1-1536x1022.jpeg 1536w, https:\/\/yvongoossens.com\/wp-content\/uploads\/2022\/01\/Vincent-Amiri-Galerie-Lin-Alternative-Proposition-Yvon-Goossens-The-place-the-day-well-meet-1-2048x1363.jpeg 2048w\" sizes=\"(max-width: 1024px) 100vw, 1024px\" \/>\t\t\t\t\t\t\t\t\t\t\t\t\t\t\t<\/div>\n\t\t\t\t<\/div>\n\t\t\t\t\t<\/div>\n\t\t<\/div>\n\t\t\t\t<div class=\"elementor-column elementor-col-50 elementor-inner-column elementor-element elementor-element-c59f32a\" data-id=\"c59f32a\" data-element_type=\"column\">\n\t\t\t<div class=\"elementor-widget-wrap elementor-element-populated\">\n\t\t\t\t\t\t\t\t<div class=\"elementor-element elementor-element-65f7ad2 elementor-widget elementor-widget-image\" data-id=\"65f7ad2\" data-element_type=\"widget\" data-widget_type=\"image.default\">\n\t\t\t\t<div class=\"elementor-widget-container\">\n\t\t\t\t\t\t\t\t\t\t\t\t\t\t\t<img loading=\"lazy\" width=\"1024\" height=\"682\" src=\"https:\/\/yvongoossens.com\/wp-content\/uploads\/2022\/01\/Vincent-Amiri-Galerie-Lin-Alternative-Proposition-Yvon-Goossens-The-place-the-day-well-meet-2-1024x682.jpg\" class=\"attachment-large size-large\" alt=\"\" decoding=\"async\" srcset=\"https:\/\/yvongoossens.com\/wp-content\/uploads\/2022\/01\/Vincent-Amiri-Galerie-Lin-Alternative-Proposition-Yvon-Goossens-The-place-the-day-well-meet-2-1024x682.jpg 1024w, https:\/\/yvongoossens.com\/wp-content\/uploads\/2022\/01\/Vincent-Amiri-Galerie-Lin-Alternative-Proposition-Yvon-Goossens-The-place-the-day-well-meet-2-300x200.jpg 300w, https:\/\/yvongoossens.com\/wp-content\/uploads\/2022\/01\/Vincent-Amiri-Galerie-Lin-Alternative-Proposition-Yvon-Goossens-The-place-the-day-well-meet-2-768x511.jpg 768w, https:\/\/yvongoossens.com\/wp-content\/uploads\/2022\/01\/Vincent-Amiri-Galerie-Lin-Alternative-Proposition-Yvon-Goossens-The-place-the-day-well-meet-2-1536x1022.jpg 1536w, https:\/\/yvongoossens.com\/wp-content\/uploads\/2022\/01\/Vincent-Amiri-Galerie-Lin-Alternative-Proposition-Yvon-Goossens-The-place-the-day-well-meet-2.jpg 1803w\" sizes=\"(max-width: 1024px) 100vw, 1024px\" \/>\t\t\t\t\t\t\t\t\t\t\t\t\t\t\t<\/div>\n\t\t\t\t<\/div>\n\t\t\t\t\t<\/div>\n\t\t<\/div>\n\t\t\t\t\t\t\t<\/div>\n\t\t<\/section>\n\t\t\t\t<div class=\"elementor-element elementor-element-5fc277d elementor-widget elementor-widget-spacer\" data-id=\"5fc277d\" data-element_type=\"widget\" data-widget_type=\"spacer.default\">\n\t\t\t\t<div class=\"elementor-widget-container\">\n\t\t\t\t\t<div class=\"elementor-spacer\">\n\t\t\t<div class=\"elementor-spacer-inner\"><\/div>\n\t\t<\/div>\n\t\t\t\t<\/div>\n\t\t\t\t<\/div>\n\t\t\t\t\t<\/div>\n\t\t<\/div>\n\t\t\t\t\t\t\t<\/div>\n\t\t<\/section>\n\t\t\t\t\t\t<\/div>\n\t\t\t\t\t<\/div>\n\t\t","protected":false},"excerpt":{"rendered":"<p>THE PLACE, THE DAY WE&rsquo;LL MEET. Vincent Amiri 3 octobre 2019 Fortuna ad vitam. En parcourant les clich\u00e9s photographiques de Vincent, une phrase de Marc-Aur\u00e8le, Empereur romain et philosophe sto\u00efcien du II -\u00e8me si\u00e8cle, surgit \u00e0 ma pens\u00e9e : \u00ab \u00d4 monde je veux ce que tu veux et tout ce qui arrive, arrive justement &#8230; <a title=\"EXPOSITION \/ VINCENT AMIRI \/ THE PLACE, THE DAY WE&rsquo;LL MEET.\" class=\"read-more\" href=\"https:\/\/yvongoossens.com\/index.php\/vincent-amiri\/\" aria-label=\"En savoir plus sur EXPOSITION \/ VINCENT AMIRI \/ THE PLACE, THE DAY WE&rsquo;LL MEET.\">Lire la suite<\/a><\/p>\n","protected":false},"author":1,"featured_media":0,"parent":0,"menu_order":0,"comment_status":"closed","ping_status":"closed","template":"elementor_header_footer","meta":{"footnotes":""},"_links":{"self":[{"href":"https:\/\/yvongoossens.com\/index.php\/wp-json\/wp\/v2\/pages\/1029"}],"collection":[{"href":"https:\/\/yvongoossens.com\/index.php\/wp-json\/wp\/v2\/pages"}],"about":[{"href":"https:\/\/yvongoossens.com\/index.php\/wp-json\/wp\/v2\/types\/page"}],"author":[{"embeddable":true,"href":"https:\/\/yvongoossens.com\/index.php\/wp-json\/wp\/v2\/users\/1"}],"replies":[{"embeddable":true,"href":"https:\/\/yvongoossens.com\/index.php\/wp-json\/wp\/v2\/comments?post=1029"}],"version-history":[{"count":25,"href":"https:\/\/yvongoossens.com\/index.php\/wp-json\/wp\/v2\/pages\/1029\/revisions"}],"predecessor-version":[{"id":2767,"href":"https:\/\/yvongoossens.com\/index.php\/wp-json\/wp\/v2\/pages\/1029\/revisions\/2767"}],"wp:attachment":[{"href":"https:\/\/yvongoossens.com\/index.php\/wp-json\/wp\/v2\/media?parent=1029"}],"curies":[{"name":"wp","href":"https:\/\/api.w.org\/{rel}","templated":true}]}}