{"id":1159,"date":"2020-03-11T17:26:13","date_gmt":"2020-03-11T16:26:13","guid":{"rendered":"http:\/\/galerielin.com\/?page_id=1159"},"modified":"2022-01-02T19:55:44","modified_gmt":"2022-01-02T18:55:44","slug":"hannah-messersman","status":"publish","type":"page","link":"https:\/\/yvongoossens.com\/index.php\/hannah-messersman\/","title":{"rendered":"EXPOSITION \/ HANNAH MEERSSEMAN \/ BLANK VERSE"},"content":{"rendered":"\t\t<div data-elementor-type=\"wp-page\" data-elementor-id=\"1159\" class=\"elementor elementor-1159\" data-elementor-settings=\"[]\">\n\t\t\t\t\t\t\t<div class=\"elementor-section-wrap\">\n\t\t\t\t\t\t\t<section class=\"elementor-section elementor-top-section elementor-element elementor-element-a67c222 elementor-section-boxed elementor-section-height-default elementor-section-height-default\" data-id=\"a67c222\" data-element_type=\"section\">\n\t\t\t\t\t\t<div class=\"elementor-container elementor-column-gap-default\">\n\t\t\t\t\t<div class=\"elementor-column elementor-col-100 elementor-top-column elementor-element elementor-element-fb18380\" data-id=\"fb18380\" data-element_type=\"column\">\n\t\t\t<div class=\"elementor-widget-wrap elementor-element-populated\">\n\t\t\t\t\t\t\t\t<div class=\"elementor-element elementor-element-0ec2bfd elementor-widget elementor-widget-spacer\" data-id=\"0ec2bfd\" data-element_type=\"widget\" data-widget_type=\"spacer.default\">\n\t\t\t\t<div class=\"elementor-widget-container\">\n\t\t\t\t\t<div class=\"elementor-spacer\">\n\t\t\t<div class=\"elementor-spacer-inner\"><\/div>\n\t\t<\/div>\n\t\t\t\t<\/div>\n\t\t\t\t<\/div>\n\t\t\t\t<section class=\"elementor-section elementor-inner-section elementor-element elementor-element-9dfb957 elementor-section-boxed elementor-section-height-default elementor-section-height-default\" data-id=\"9dfb957\" data-element_type=\"section\">\n\t\t\t\t\t\t<div class=\"elementor-container elementor-column-gap-default\">\n\t\t\t\t\t<div class=\"elementor-column elementor-col-50 elementor-inner-column elementor-element elementor-element-fdea5ed\" data-id=\"fdea5ed\" data-element_type=\"column\">\n\t\t\t<div class=\"elementor-widget-wrap elementor-element-populated\">\n\t\t\t\t\t\t\t\t<div class=\"elementor-element elementor-element-eb6be71 elementor-widget elementor-widget-text-editor\" data-id=\"eb6be71\" data-element_type=\"widget\" data-widget_type=\"text-editor.default\">\n\t\t\t\t<div class=\"elementor-widget-container\">\n\t\t\t\t\t\t\t\t<p>BLANK VERSE<\/p><p>Hannah Meersseman<\/p><p>Il est question de mesure \u2013 code insens\u00e9, qui dit le d\u00e9but et la fin d\u2019une chose, mais aussi le rythme de la po\u00e9sie.<\/p><p>R\u00e8gle, qu\u2019il s\u2019agit toujours de d\u00e9border.<\/p><p>Un dessin, ici, ne rime \u00e0 rien. C\u2019est un \u00e9v\u00e9nement infime. Il est le r\u00e9sultat d\u2019un geste, \u00e0 partir d\u2019une surface et d\u2019un mat\u00e9riau. Il dit sa gen\u00e8se.<\/p><p>Il dit l\u2019instant, toujours.<\/p><p>C\u2019est un germe constant, parce que mati\u00e8re en formation, en gestation, en d\u00e9composition. En d\u00e9ploiement, c\u2019est-\u00e0-dire en division interne.<\/p><p>Nous prenons la mesure de presque-riens, qui questionnent leurs limites.<\/p><p>En langage po\u00e9tique, le vers blanc ne rime avec aucun autre vers, mais il est conforme \u00e0 une r\u00e8gle m\u00e9trique. Autrement dit, sa forme ne repose pas sur un lien de ressemblance mais sur une structure rythmique.<\/p><p style=\"padding-left: 30px;\"><em>On peut dire que quand on va \u00e0 la ligne apr\u00e8s un vers et qu\u2019on laisse par cons\u00e9quent un blanc, ce blanc est comme une sorte de morceau d\u2019air, un tampon d\u2019air, une cloison de vide, une cloison d\u2019air, et que c\u2019est cela qui fait le vers<\/em>.<\/p><p>Roland Barthes, in \u00ab La pr\u00e9paration du roman \u00bb<\/p>\t\t\t\t\t\t<\/div>\n\t\t\t\t<\/div>\n\t\t\t\t<div class=\"elementor-element elementor-element-d93774c elementor-widget elementor-widget-toggle\" data-id=\"d93774c\" data-element_type=\"widget\" data-widget_type=\"toggle.default\">\n\t\t\t\t<div class=\"elementor-widget-container\">\n\t\t\t\t\t<div class=\"elementor-toggle\" role=\"tablist\">\n\t\t\t\t\t\t\t<div class=\"elementor-toggle-item\">\n\t\t\t\t\t<div id=\"elementor-tab-title-2271\" class=\"elementor-tab-title\" data-tab=\"1\" role=\"tab\" aria-controls=\"elementor-tab-content-2271\" aria-expanded=\"false\">\n\t\t\t\t\t\t\t\t\t\t\t\t<span class=\"elementor-toggle-icon elementor-toggle-icon-left\" aria-hidden=\"true\">\n\t\t\t\t\t\t\t\t\t\t\t\t\t\t\t<span class=\"elementor-toggle-icon-closed\"><i class=\"fas fa-caret-right\"><\/i><\/span>\n\t\t\t\t\t\t\t\t<span class=\"elementor-toggle-icon-opened\"><i class=\"elementor-toggle-icon-opened fas fa-caret-up\"><\/i><\/span>\n\t\t\t\t\t\t\t\t\t\t\t\t\t<\/span>\n\t\t\t\t\t\t\t\t\t\t\t\t<a href=\"\" class=\"elementor-toggle-title\">Affiche<\/a>\n\t\t\t\t\t<\/div>\n\t\t\t\t\t<div id=\"elementor-tab-content-2271\" class=\"elementor-tab-content elementor-clearfix\" data-tab=\"1\" role=\"tabpanel\" aria-labelledby=\"elementor-tab-title-2271\"><p><img decoding=\"async\" loading=\"lazy\" class=\"alignnone wp-image-2698 size-large\" src=\"http:\/\/yvongoossens.com\/wp-content\/uploads\/2022\/01\/Hannah-Meersseman-Galerie-Lin-Alternative-Proposition-Yvon-Goossens-Blank-verse-Affiche-1024x1024.jpg\" alt=\"\" width=\"1024\" height=\"1024\" srcset=\"https:\/\/yvongoossens.com\/wp-content\/uploads\/2022\/01\/Hannah-Meersseman-Galerie-Lin-Alternative-Proposition-Yvon-Goossens-Blank-verse-Affiche-1024x1024.jpg 1024w, https:\/\/yvongoossens.com\/wp-content\/uploads\/2022\/01\/Hannah-Meersseman-Galerie-Lin-Alternative-Proposition-Yvon-Goossens-Blank-verse-Affiche-300x300.jpg 300w, https:\/\/yvongoossens.com\/wp-content\/uploads\/2022\/01\/Hannah-Meersseman-Galerie-Lin-Alternative-Proposition-Yvon-Goossens-Blank-verse-Affiche-150x150.jpg 150w, https:\/\/yvongoossens.com\/wp-content\/uploads\/2022\/01\/Hannah-Meersseman-Galerie-Lin-Alternative-Proposition-Yvon-Goossens-Blank-verse-Affiche-768x768.jpg 768w, https:\/\/yvongoossens.com\/wp-content\/uploads\/2022\/01\/Hannah-Meersseman-Galerie-Lin-Alternative-Proposition-Yvon-Goossens-Blank-verse-Affiche.jpg 1067w\" sizes=\"(max-width: 1024px) 100vw, 1024px\" \/><\/p><\/div>\n\t\t\t\t<\/div>\n\t\t\t\t\t\t\t\t<\/div>\n\t\t\t\t<\/div>\n\t\t\t\t<\/div>\n\t\t\t\t\t<\/div>\n\t\t<\/div>\n\t\t\t\t<div class=\"elementor-column elementor-col-50 elementor-inner-column elementor-element elementor-element-10d88ee\" data-id=\"10d88ee\" data-element_type=\"column\">\n\t\t\t<div class=\"elementor-widget-wrap\">\n\t\t\t\t\t\t\t\t\t<\/div>\n\t\t<\/div>\n\t\t\t\t\t\t\t<\/div>\n\t\t<\/section>\n\t\t\t\t<section class=\"elementor-section elementor-inner-section elementor-element elementor-element-a4b85ff elementor-section-boxed elementor-section-height-default elementor-section-height-default\" data-id=\"a4b85ff\" data-element_type=\"section\">\n\t\t\t\t\t\t<div class=\"elementor-container elementor-column-gap-default\">\n\t\t\t\t\t<div class=\"elementor-column elementor-col-50 elementor-inner-column elementor-element elementor-element-b7f747d\" data-id=\"b7f747d\" data-element_type=\"column\">\n\t\t\t<div class=\"elementor-widget-wrap elementor-element-populated\">\n\t\t\t\t\t\t\t\t<div class=\"elementor-element elementor-element-a4749d0 elementor-widget elementor-widget-image\" data-id=\"a4749d0\" data-element_type=\"widget\" data-widget_type=\"image.default\">\n\t\t\t\t<div class=\"elementor-widget-container\">\n\t\t\t\t\t\t\t\t\t\t\t\t\t\t\t<img decoding=\"async\" src=\"http:\/\/galerielin.com\/wp-content\/uploads\/2020\/03\/thumbnail_IMG_0754.jpg\" title=\"\" alt=\"\" \/>\t\t\t\t\t\t\t\t\t\t\t\t\t\t\t<\/div>\n\t\t\t\t<\/div>\n\t\t\t\t\t<\/div>\n\t\t<\/div>\n\t\t\t\t<div class=\"elementor-column elementor-col-50 elementor-inner-column elementor-element elementor-element-d7ecb78\" data-id=\"d7ecb78\" data-element_type=\"column\">\n\t\t\t<div class=\"elementor-widget-wrap elementor-element-populated\">\n\t\t\t\t\t\t\t\t<div class=\"elementor-element elementor-element-19c4e42 elementor-widget elementor-widget-image\" data-id=\"19c4e42\" data-element_type=\"widget\" data-widget_type=\"image.default\">\n\t\t\t\t<div class=\"elementor-widget-container\">\n\t\t\t\t\t\t\t\t\t\t\t\t\t\t\t<img decoding=\"async\" src=\"http:\/\/galerielin.com\/wp-content\/uploads\/2020\/03\/thumbnail_IMG_0773.jpg\" title=\"\" alt=\"\" \/>\t\t\t\t\t\t\t\t\t\t\t\t\t\t\t<\/div>\n\t\t\t\t<\/div>\n\t\t\t\t\t<\/div>\n\t\t<\/div>\n\t\t\t\t\t\t\t<\/div>\n\t\t<\/section>\n\t\t\t\t<section class=\"elementor-section elementor-inner-section elementor-element elementor-element-4aff5f8 elementor-section-boxed elementor-section-height-default elementor-section-height-default\" data-id=\"4aff5f8\" data-element_type=\"section\">\n\t\t\t\t\t\t<div class=\"elementor-container elementor-column-gap-default\">\n\t\t\t\t\t<div class=\"elementor-column elementor-col-50 elementor-inner-column elementor-element elementor-element-732e7c5\" data-id=\"732e7c5\" data-element_type=\"column\">\n\t\t\t<div class=\"elementor-widget-wrap elementor-element-populated\">\n\t\t\t\t\t\t\t\t<div class=\"elementor-element elementor-element-67ca760 elementor-widget elementor-widget-image\" data-id=\"67ca760\" data-element_type=\"widget\" data-widget_type=\"image.default\">\n\t\t\t\t<div class=\"elementor-widget-container\">\n\t\t\t\t\t\t\t\t\t\t\t\t\t\t\t<img loading=\"lazy\" width=\"1024\" height=\"800\" src=\"https:\/\/yvongoossens.com\/wp-content\/uploads\/2022\/01\/Hannah-Meersseman-Galerie-Lin-Alternative-Proposition-Yvon-Goossens-Blank-verse-6-1024x800.jpg\" class=\"attachment-large size-large\" alt=\"\" decoding=\"async\" srcset=\"https:\/\/yvongoossens.com\/wp-content\/uploads\/2022\/01\/Hannah-Meersseman-Galerie-Lin-Alternative-Proposition-Yvon-Goossens-Blank-verse-6-1024x800.jpg 1024w, https:\/\/yvongoossens.com\/wp-content\/uploads\/2022\/01\/Hannah-Meersseman-Galerie-Lin-Alternative-Proposition-Yvon-Goossens-Blank-verse-6-300x234.jpg 300w, https:\/\/yvongoossens.com\/wp-content\/uploads\/2022\/01\/Hannah-Meersseman-Galerie-Lin-Alternative-Proposition-Yvon-Goossens-Blank-verse-6-768x600.jpg 768w, https:\/\/yvongoossens.com\/wp-content\/uploads\/2022\/01\/Hannah-Meersseman-Galerie-Lin-Alternative-Proposition-Yvon-Goossens-Blank-verse-6.jpg 1280w\" sizes=\"(max-width: 1024px) 100vw, 1024px\" \/>\t\t\t\t\t\t\t\t\t\t\t\t\t\t\t<\/div>\n\t\t\t\t<\/div>\n\t\t\t\t\t<\/div>\n\t\t<\/div>\n\t\t\t\t<div class=\"elementor-column elementor-col-50 elementor-inner-column elementor-element elementor-element-201d543\" data-id=\"201d543\" data-element_type=\"column\">\n\t\t\t<div class=\"elementor-widget-wrap elementor-element-populated\">\n\t\t\t\t\t\t\t\t<div class=\"elementor-element elementor-element-257b7da elementor-widget elementor-widget-image\" data-id=\"257b7da\" data-element_type=\"widget\" data-widget_type=\"image.default\">\n\t\t\t\t<div class=\"elementor-widget-container\">\n\t\t\t\t\t\t\t\t\t\t\t\t\t\t\t<img loading=\"lazy\" width=\"1024\" height=\"768\" src=\"https:\/\/yvongoossens.com\/wp-content\/uploads\/2022\/01\/Hannah-Meersseman-Galerie-Lin-Alternative-Proposition-Yvon-Goossens-Blank-verse-2-1024x768.jpg\" class=\"attachment-large size-large\" alt=\"\" decoding=\"async\" srcset=\"https:\/\/yvongoossens.com\/wp-content\/uploads\/2022\/01\/Hannah-Meersseman-Galerie-Lin-Alternative-Proposition-Yvon-Goossens-Blank-verse-2-1024x768.jpg 1024w, https:\/\/yvongoossens.com\/wp-content\/uploads\/2022\/01\/Hannah-Meersseman-Galerie-Lin-Alternative-Proposition-Yvon-Goossens-Blank-verse-2-300x225.jpg 300w, https:\/\/yvongoossens.com\/wp-content\/uploads\/2022\/01\/Hannah-Meersseman-Galerie-Lin-Alternative-Proposition-Yvon-Goossens-Blank-verse-2-768x576.jpg 768w, https:\/\/yvongoossens.com\/wp-content\/uploads\/2022\/01\/Hannah-Meersseman-Galerie-Lin-Alternative-Proposition-Yvon-Goossens-Blank-verse-2-1536x1152.jpg 1536w, https:\/\/yvongoossens.com\/wp-content\/uploads\/2022\/01\/Hannah-Meersseman-Galerie-Lin-Alternative-Proposition-Yvon-Goossens-Blank-verse-2.jpg 1784w\" sizes=\"(max-width: 1024px) 100vw, 1024px\" \/>\t\t\t\t\t\t\t\t\t\t\t\t\t\t\t<\/div>\n\t\t\t\t<\/div>\n\t\t\t\t\t<\/div>\n\t\t<\/div>\n\t\t\t\t\t\t\t<\/div>\n\t\t<\/section>\n\t\t\t\t<div class=\"elementor-element elementor-element-2536460 elementor-widget elementor-widget-spacer\" data-id=\"2536460\" data-element_type=\"widget\" data-widget_type=\"spacer.default\">\n\t\t\t\t<div class=\"elementor-widget-container\">\n\t\t\t\t\t<div class=\"elementor-spacer\">\n\t\t\t<div class=\"elementor-spacer-inner\"><\/div>\n\t\t<\/div>\n\t\t\t\t<\/div>\n\t\t\t\t<\/div>\n\t\t\t\t<section class=\"elementor-section elementor-inner-section elementor-element elementor-element-6a1df3c elementor-section-boxed elementor-section-height-default elementor-section-height-default\" data-id=\"6a1df3c\" data-element_type=\"section\">\n\t\t\t\t\t\t<div class=\"elementor-container elementor-column-gap-default\">\n\t\t\t\t\t<div class=\"elementor-column elementor-col-50 elementor-inner-column elementor-element elementor-element-041663f\" data-id=\"041663f\" data-element_type=\"column\">\n\t\t\t<div class=\"elementor-widget-wrap elementor-element-populated\">\n\t\t\t\t\t\t\t\t<div class=\"elementor-element elementor-element-c5ddc37 elementor-widget elementor-widget-image\" data-id=\"c5ddc37\" data-element_type=\"widget\" data-widget_type=\"image.default\">\n\t\t\t\t<div class=\"elementor-widget-container\">\n\t\t\t\t\t\t\t\t\t\t\t\t\t\t\t<img loading=\"lazy\" width=\"1024\" height=\"768\" src=\"https:\/\/yvongoossens.com\/wp-content\/uploads\/2022\/01\/Hannah-Meersseman-Galerie-Lin-Alternative-Proposition-Yvon-Goossens-Blank-verse-4-1024x768.jpg\" class=\"attachment-large size-large\" alt=\"\" decoding=\"async\" srcset=\"https:\/\/yvongoossens.com\/wp-content\/uploads\/2022\/01\/Hannah-Meersseman-Galerie-Lin-Alternative-Proposition-Yvon-Goossens-Blank-verse-4-1024x768.jpg 1024w, https:\/\/yvongoossens.com\/wp-content\/uploads\/2022\/01\/Hannah-Meersseman-Galerie-Lin-Alternative-Proposition-Yvon-Goossens-Blank-verse-4-300x225.jpg 300w, https:\/\/yvongoossens.com\/wp-content\/uploads\/2022\/01\/Hannah-Meersseman-Galerie-Lin-Alternative-Proposition-Yvon-Goossens-Blank-verse-4-768x576.jpg 768w, https:\/\/yvongoossens.com\/wp-content\/uploads\/2022\/01\/Hannah-Meersseman-Galerie-Lin-Alternative-Proposition-Yvon-Goossens-Blank-verse-4.jpg 1280w\" sizes=\"(max-width: 1024px) 100vw, 1024px\" \/>\t\t\t\t\t\t\t\t\t\t\t\t\t\t\t<\/div>\n\t\t\t\t<\/div>\n\t\t\t\t\t<\/div>\n\t\t<\/div>\n\t\t\t\t<div class=\"elementor-column elementor-col-50 elementor-inner-column elementor-element elementor-element-78a6a22\" data-id=\"78a6a22\" data-element_type=\"column\">\n\t\t\t<div class=\"elementor-widget-wrap elementor-element-populated\">\n\t\t\t\t\t\t\t\t<div class=\"elementor-element elementor-element-26307e1 elementor-widget elementor-widget-image\" data-id=\"26307e1\" data-element_type=\"widget\" data-widget_type=\"image.default\">\n\t\t\t\t<div class=\"elementor-widget-container\">\n\t\t\t\t\t\t\t\t\t\t\t\t\t\t\t<img loading=\"lazy\" width=\"1024\" height=\"768\" src=\"https:\/\/yvongoossens.com\/wp-content\/uploads\/2022\/01\/Hannah-Meersseman-Galerie-Lin-Alternative-Proposition-Yvon-Goossens-Blank-verse-3-1024x768.jpg\" class=\"attachment-large size-large\" alt=\"\" decoding=\"async\" srcset=\"https:\/\/yvongoossens.com\/wp-content\/uploads\/2022\/01\/Hannah-Meersseman-Galerie-Lin-Alternative-Proposition-Yvon-Goossens-Blank-verse-3-1024x768.jpg 1024w, https:\/\/yvongoossens.com\/wp-content\/uploads\/2022\/01\/Hannah-Meersseman-Galerie-Lin-Alternative-Proposition-Yvon-Goossens-Blank-verse-3-300x225.jpg 300w, https:\/\/yvongoossens.com\/wp-content\/uploads\/2022\/01\/Hannah-Meersseman-Galerie-Lin-Alternative-Proposition-Yvon-Goossens-Blank-verse-3-768x576.jpg 768w, https:\/\/yvongoossens.com\/wp-content\/uploads\/2022\/01\/Hannah-Meersseman-Galerie-Lin-Alternative-Proposition-Yvon-Goossens-Blank-verse-3.jpg 1280w\" sizes=\"(max-width: 1024px) 100vw, 1024px\" \/>\t\t\t\t\t\t\t\t\t\t\t\t\t\t\t<\/div>\n\t\t\t\t<\/div>\n\t\t\t\t\t<\/div>\n\t\t<\/div>\n\t\t\t\t\t\t\t<\/div>\n\t\t<\/section>\n\t\t\t\t<div class=\"elementor-element elementor-element-e7bcf86 elementor-widget elementor-widget-spacer\" data-id=\"e7bcf86\" data-element_type=\"widget\" data-widget_type=\"spacer.default\">\n\t\t\t\t<div class=\"elementor-widget-container\">\n\t\t\t\t\t<div class=\"elementor-spacer\">\n\t\t\t<div class=\"elementor-spacer-inner\"><\/div>\n\t\t<\/div>\n\t\t\t\t<\/div>\n\t\t\t\t<\/div>\n\t\t\t\t\t<\/div>\n\t\t<\/div>\n\t\t\t\t\t\t\t<\/div>\n\t\t<\/section>\n\t\t\t\t<section class=\"elementor-section elementor-top-section elementor-element elementor-element-04002e7 elementor-section-boxed elementor-section-height-default elementor-section-height-default\" data-id=\"04002e7\" data-element_type=\"section\">\n\t\t\t\t\t\t<div class=\"elementor-container elementor-column-gap-default\">\n\t\t\t\t\t<div class=\"elementor-column elementor-col-33 elementor-top-column elementor-element elementor-element-9fad600\" data-id=\"9fad600\" data-element_type=\"column\">\n\t\t\t<div class=\"elementor-widget-wrap\">\n\t\t\t\t\t\t\t\t\t<\/div>\n\t\t<\/div>\n\t\t\t\t<div class=\"elementor-column elementor-col-33 elementor-top-column elementor-element elementor-element-e6dfcaf\" data-id=\"e6dfcaf\" data-element_type=\"column\">\n\t\t\t<div class=\"elementor-widget-wrap elementor-element-populated\">\n\t\t\t\t\t\t\t\t<div class=\"elementor-element elementor-element-d909ff8 elementor-widget elementor-widget-image\" data-id=\"d909ff8\" data-element_type=\"widget\" data-widget_type=\"image.default\">\n\t\t\t\t<div class=\"elementor-widget-container\">\n\t\t\t\t\t\t\t\t\t\t\t\t\t\t\t<img loading=\"lazy\" width=\"770\" height=\"1024\" src=\"https:\/\/yvongoossens.com\/wp-content\/uploads\/2022\/01\/Hannah-Meersseman-Galerie-Lin-Alternative-Proposition-Yvon-Goossens-Blank-verse-5-770x1024.jpg\" class=\"attachment-large size-large\" alt=\"\" decoding=\"async\" srcset=\"https:\/\/yvongoossens.com\/wp-content\/uploads\/2022\/01\/Hannah-Meersseman-Galerie-Lin-Alternative-Proposition-Yvon-Goossens-Blank-verse-5-770x1024.jpg 770w, https:\/\/yvongoossens.com\/wp-content\/uploads\/2022\/01\/Hannah-Meersseman-Galerie-Lin-Alternative-Proposition-Yvon-Goossens-Blank-verse-5-225x300.jpg 225w, https:\/\/yvongoossens.com\/wp-content\/uploads\/2022\/01\/Hannah-Meersseman-Galerie-Lin-Alternative-Proposition-Yvon-Goossens-Blank-verse-5-768x1022.jpg 768w, https:\/\/yvongoossens.com\/wp-content\/uploads\/2022\/01\/Hannah-Meersseman-Galerie-Lin-Alternative-Proposition-Yvon-Goossens-Blank-verse-5.jpg 962w\" sizes=\"(max-width: 770px) 100vw, 770px\" \/>\t\t\t\t\t\t\t\t\t\t\t\t\t\t\t<\/div>\n\t\t\t\t<\/div>\n\t\t\t\t\t<\/div>\n\t\t<\/div>\n\t\t\t\t<div class=\"elementor-column elementor-col-33 elementor-top-column elementor-element elementor-element-fad0ab0\" data-id=\"fad0ab0\" data-element_type=\"column\">\n\t\t\t<div class=\"elementor-widget-wrap\">\n\t\t\t\t\t\t\t\t\t<\/div>\n\t\t<\/div>\n\t\t\t\t\t\t\t<\/div>\n\t\t<\/section>\n\t\t\t\t<section class=\"elementor-section elementor-top-section elementor-element elementor-element-6a6418c elementor-section-boxed elementor-section-height-default elementor-section-height-default\" data-id=\"6a6418c\" data-element_type=\"section\">\n\t\t\t\t\t\t<div class=\"elementor-container elementor-column-gap-default\">\n\t\t\t\t\t<div class=\"elementor-column elementor-col-100 elementor-top-column elementor-element elementor-element-d266dbe\" data-id=\"d266dbe\" data-element_type=\"column\">\n\t\t\t<div class=\"elementor-widget-wrap elementor-element-populated\">\n\t\t\t\t\t\t\t\t<div class=\"elementor-element elementor-element-98f8e6b elementor-widget elementor-widget-spacer\" data-id=\"98f8e6b\" data-element_type=\"widget\" data-widget_type=\"spacer.default\">\n\t\t\t\t<div class=\"elementor-widget-container\">\n\t\t\t\t\t<div class=\"elementor-spacer\">\n\t\t\t<div class=\"elementor-spacer-inner\"><\/div>\n\t\t<\/div>\n\t\t\t\t<\/div>\n\t\t\t\t<\/div>\n\t\t\t\t<div class=\"elementor-element elementor-element-216b113 elementor-widget elementor-widget-image\" data-id=\"216b113\" data-element_type=\"widget\" data-widget_type=\"image.default\">\n\t\t\t\t<div class=\"elementor-widget-container\">\n\t\t\t\t\t\t\t\t\t\t\t\t\t\t\t<img loading=\"lazy\" width=\"960\" height=\"640\" src=\"https:\/\/yvongoossens.com\/wp-content\/uploads\/2022\/01\/Hannah-Meersseman-Galerie-Lin-Alternative-Proposition-Yvon-Goossens-Blank-verse-1.jpg\" class=\"attachment-large size-large\" alt=\"\" decoding=\"async\" srcset=\"https:\/\/yvongoossens.com\/wp-content\/uploads\/2022\/01\/Hannah-Meersseman-Galerie-Lin-Alternative-Proposition-Yvon-Goossens-Blank-verse-1.jpg 960w, https:\/\/yvongoossens.com\/wp-content\/uploads\/2022\/01\/Hannah-Meersseman-Galerie-Lin-Alternative-Proposition-Yvon-Goossens-Blank-verse-1-300x200.jpg 300w, https:\/\/yvongoossens.com\/wp-content\/uploads\/2022\/01\/Hannah-Meersseman-Galerie-Lin-Alternative-Proposition-Yvon-Goossens-Blank-verse-1-768x512.jpg 768w\" sizes=\"(max-width: 960px) 100vw, 960px\" \/>\t\t\t\t\t\t\t\t\t\t\t\t\t\t\t<\/div>\n\t\t\t\t<\/div>\n\t\t\t\t\t<\/div>\n\t\t<\/div>\n\t\t\t\t\t\t\t<\/div>\n\t\t<\/section>\n\t\t\t\t\t\t<\/div>\n\t\t\t\t\t<\/div>\n\t\t","protected":false},"excerpt":{"rendered":"<p>BLANK VERSE Hannah Meersseman Il est question de mesure \u2013 code insens\u00e9, qui dit le d\u00e9but et la fin d\u2019une chose, mais aussi le rythme de la po\u00e9sie. R\u00e8gle, qu\u2019il s\u2019agit toujours de d\u00e9border. Un dessin, ici, ne rime \u00e0 rien. C\u2019est un \u00e9v\u00e9nement infime. Il est le r\u00e9sultat d\u2019un geste, \u00e0 partir d\u2019une surface &#8230; <a title=\"EXPOSITION \/ HANNAH MEERSSEMAN \/ BLANK VERSE\" class=\"read-more\" href=\"https:\/\/yvongoossens.com\/index.php\/hannah-messersman\/\" aria-label=\"En savoir plus sur EXPOSITION \/ HANNAH MEERSSEMAN \/ BLANK VERSE\">Lire la suite<\/a><\/p>\n","protected":false},"author":1,"featured_media":0,"parent":0,"menu_order":0,"comment_status":"closed","ping_status":"closed","template":"elementor_header_footer","meta":{"footnotes":""},"_links":{"self":[{"href":"https:\/\/yvongoossens.com\/index.php\/wp-json\/wp\/v2\/pages\/1159"}],"collection":[{"href":"https:\/\/yvongoossens.com\/index.php\/wp-json\/wp\/v2\/pages"}],"about":[{"href":"https:\/\/yvongoossens.com\/index.php\/wp-json\/wp\/v2\/types\/page"}],"author":[{"embeddable":true,"href":"https:\/\/yvongoossens.com\/index.php\/wp-json\/wp\/v2\/users\/1"}],"replies":[{"embeddable":true,"href":"https:\/\/yvongoossens.com\/index.php\/wp-json\/wp\/v2\/comments?post=1159"}],"version-history":[{"count":22,"href":"https:\/\/yvongoossens.com\/index.php\/wp-json\/wp\/v2\/pages\/1159\/revisions"}],"predecessor-version":[{"id":2701,"href":"https:\/\/yvongoossens.com\/index.php\/wp-json\/wp\/v2\/pages\/1159\/revisions\/2701"}],"wp:attachment":[{"href":"https:\/\/yvongoossens.com\/index.php\/wp-json\/wp\/v2\/media?parent=1159"}],"curies":[{"name":"wp","href":"https:\/\/api.w.org\/{rel}","templated":true}]}}