{"id":1998,"date":"2021-07-28T15:03:11","date_gmt":"2021-07-28T13:03:11","guid":{"rendered":"http:\/\/yvongoossens.com\/?page_id=1998"},"modified":"2021-11-05T19:01:17","modified_gmt":"2021-11-05T18:01:17","slug":"elementor-1998","status":"publish","type":"page","link":"https:\/\/yvongoossens.com\/index.php\/elementor-1998\/","title":{"rendered":"MATERIA PRIMA \/ PUTREFACTION \/ SERIE 2"},"content":{"rendered":"\t\t<div data-elementor-type=\"wp-page\" data-elementor-id=\"1998\" class=\"elementor elementor-1998\" data-elementor-settings=\"[]\">\n\t\t\t\t\t\t\t<div class=\"elementor-section-wrap\">\n\t\t\t\t\t\t\t<section class=\"elementor-section elementor-top-section elementor-element elementor-element-6ccd42c elementor-section-boxed elementor-section-height-default elementor-section-height-default\" data-id=\"6ccd42c\" data-element_type=\"section\">\n\t\t\t\t\t\t<div class=\"elementor-container elementor-column-gap-default\">\n\t\t\t\t\t<div class=\"elementor-column elementor-col-100 elementor-top-column elementor-element elementor-element-8d94fe2\" data-id=\"8d94fe2\" data-element_type=\"column\">\n\t\t\t<div class=\"elementor-widget-wrap elementor-element-populated\">\n\t\t\t\t\t\t\t\t<div class=\"elementor-element elementor-element-a8429e9 elementor-widget elementor-widget-text-editor\" data-id=\"a8429e9\" data-element_type=\"widget\" data-widget_type=\"text-editor.default\">\n\t\t\t\t<div class=\"elementor-widget-container\">\n\t\t\t\t\t\t\t\t<p style=\"text-align: left;\">Materia Prima<\/p><p style=\"text-align: left;\">PUTREFACTION<\/p><p style=\"text-align: left;\">SERIE 2<\/p>\t\t\t\t\t\t<\/div>\n\t\t\t\t<\/div>\n\t\t\t\t<div class=\"elementor-element elementor-element-f0cde82 elementor-widget elementor-widget-spacer\" data-id=\"f0cde82\" data-element_type=\"widget\" data-widget_type=\"spacer.default\">\n\t\t\t\t<div class=\"elementor-widget-container\">\n\t\t\t\t\t<div class=\"elementor-spacer\">\n\t\t\t<div class=\"elementor-spacer-inner\"><\/div>\n\t\t<\/div>\n\t\t\t\t<\/div>\n\t\t\t\t<\/div>\n\t\t\t\t<div class=\"elementor-element elementor-element-50ffde2 elementor-widget elementor-widget-image\" data-id=\"50ffde2\" data-element_type=\"widget\" data-widget_type=\"image.default\">\n\t\t\t\t<div class=\"elementor-widget-container\">\n\t\t\t\t\t\t\t\t\t\t\t\t\t\t\t<img loading=\"lazy\" width=\"2560\" height=\"1707\" src=\"https:\/\/yvongoossens.com\/wp-content\/uploads\/2021\/07\/Yvon-Goossens-Materia-Prima-PUTREFACTION-processus-4.JPG.-scaled.jpg\" class=\"attachment-full size-full\" alt=\"\" decoding=\"async\" srcset=\"https:\/\/yvongoossens.com\/wp-content\/uploads\/2021\/07\/Yvon-Goossens-Materia-Prima-PUTREFACTION-processus-4.JPG.-scaled.jpg 2560w, https:\/\/yvongoossens.com\/wp-content\/uploads\/2021\/07\/Yvon-Goossens-Materia-Prima-PUTREFACTION-processus-4.JPG.-300x200.jpg 300w, https:\/\/yvongoossens.com\/wp-content\/uploads\/2021\/07\/Yvon-Goossens-Materia-Prima-PUTREFACTION-processus-4.JPG.-1024x683.jpg 1024w, https:\/\/yvongoossens.com\/wp-content\/uploads\/2021\/07\/Yvon-Goossens-Materia-Prima-PUTREFACTION-processus-4.JPG.-768x512.jpg 768w, https:\/\/yvongoossens.com\/wp-content\/uploads\/2021\/07\/Yvon-Goossens-Materia-Prima-PUTREFACTION-processus-4.JPG.-1536x1024.jpg 1536w, https:\/\/yvongoossens.com\/wp-content\/uploads\/2021\/07\/Yvon-Goossens-Materia-Prima-PUTREFACTION-processus-4.JPG.-2048x1365.jpg 2048w\" sizes=\"(max-width: 2560px) 100vw, 2560px\" \/>\t\t\t\t\t\t\t\t\t\t\t\t\t\t\t<\/div>\n\t\t\t\t<\/div>\n\t\t\t\t<div class=\"elementor-element elementor-element-115aeab elementor-widget elementor-widget-spacer\" data-id=\"115aeab\" data-element_type=\"widget\" data-widget_type=\"spacer.default\">\n\t\t\t\t<div class=\"elementor-widget-container\">\n\t\t\t\t\t<div class=\"elementor-spacer\">\n\t\t\t<div class=\"elementor-spacer-inner\"><\/div>\n\t\t<\/div>\n\t\t\t\t<\/div>\n\t\t\t\t<\/div>\n\t\t\t\t<section class=\"elementor-section elementor-inner-section elementor-element elementor-element-1981f44 elementor-section-boxed elementor-section-height-default elementor-section-height-default\" data-id=\"1981f44\" data-element_type=\"section\">\n\t\t\t\t\t\t<div class=\"elementor-container elementor-column-gap-default\">\n\t\t\t\t\t<div class=\"elementor-column elementor-col-50 elementor-inner-column elementor-element elementor-element-6c3520c\" data-id=\"6c3520c\" data-element_type=\"column\">\n\t\t\t<div class=\"elementor-widget-wrap elementor-element-populated\">\n\t\t\t\t\t\t\t\t<div class=\"elementor-element elementor-element-0a86daf elementor-widget elementor-widget-image\" data-id=\"0a86daf\" data-element_type=\"widget\" data-widget_type=\"image.default\">\n\t\t\t\t<div class=\"elementor-widget-container\">\n\t\t\t\t\t\t\t\t\t\t\t\t\t\t\t<img loading=\"lazy\" width=\"1707\" height=\"2560\" src=\"https:\/\/yvongoossens.com\/wp-content\/uploads\/2021\/07\/Yvon-Goossens-Materia-Prima-PUTREFACTION-processus-3.JPG.-scaled.jpg\" class=\"attachment-full size-full\" alt=\"\" decoding=\"async\" srcset=\"https:\/\/yvongoossens.com\/wp-content\/uploads\/2021\/07\/Yvon-Goossens-Materia-Prima-PUTREFACTION-processus-3.JPG.-scaled.jpg 1707w, https:\/\/yvongoossens.com\/wp-content\/uploads\/2021\/07\/Yvon-Goossens-Materia-Prima-PUTREFACTION-processus-3.JPG.-200x300.jpg 200w, https:\/\/yvongoossens.com\/wp-content\/uploads\/2021\/07\/Yvon-Goossens-Materia-Prima-PUTREFACTION-processus-3.JPG.-683x1024.jpg 683w, https:\/\/yvongoossens.com\/wp-content\/uploads\/2021\/07\/Yvon-Goossens-Materia-Prima-PUTREFACTION-processus-3.JPG.-768x1152.jpg 768w, https:\/\/yvongoossens.com\/wp-content\/uploads\/2021\/07\/Yvon-Goossens-Materia-Prima-PUTREFACTION-processus-3.JPG.-1024x1536.jpg 1024w, https:\/\/yvongoossens.com\/wp-content\/uploads\/2021\/07\/Yvon-Goossens-Materia-Prima-PUTREFACTION-processus-3.JPG.-1365x2048.jpg 1365w\" sizes=\"(max-width: 1707px) 100vw, 1707px\" \/>\t\t\t\t\t\t\t\t\t\t\t\t\t\t\t<\/div>\n\t\t\t\t<\/div>\n\t\t\t\t\t<\/div>\n\t\t<\/div>\n\t\t\t\t<div class=\"elementor-column elementor-col-50 elementor-inner-column elementor-element elementor-element-e1e11cf\" data-id=\"e1e11cf\" data-element_type=\"column\">\n\t\t\t<div class=\"elementor-widget-wrap elementor-element-populated\">\n\t\t\t\t\t\t\t\t<div class=\"elementor-element elementor-element-9a8fd5d elementor-widget elementor-widget-image\" data-id=\"9a8fd5d\" data-element_type=\"widget\" data-widget_type=\"image.default\">\n\t\t\t\t<div class=\"elementor-widget-container\">\n\t\t\t\t\t\t\t\t\t\t\t\t\t\t\t<img loading=\"lazy\" width=\"1707\" height=\"2560\" src=\"https:\/\/yvongoossens.com\/wp-content\/uploads\/2021\/07\/Yvon-Goossens-Materia-Prima-PUTREFACTION-processus-1.JPG.-scaled.jpg\" class=\"attachment-full size-full\" alt=\"\" decoding=\"async\" srcset=\"https:\/\/yvongoossens.com\/wp-content\/uploads\/2021\/07\/Yvon-Goossens-Materia-Prima-PUTREFACTION-processus-1.JPG.-scaled.jpg 1707w, https:\/\/yvongoossens.com\/wp-content\/uploads\/2021\/07\/Yvon-Goossens-Materia-Prima-PUTREFACTION-processus-1.JPG.-200x300.jpg 200w, https:\/\/yvongoossens.com\/wp-content\/uploads\/2021\/07\/Yvon-Goossens-Materia-Prima-PUTREFACTION-processus-1.JPG.-683x1024.jpg 683w, https:\/\/yvongoossens.com\/wp-content\/uploads\/2021\/07\/Yvon-Goossens-Materia-Prima-PUTREFACTION-processus-1.JPG.-768x1152.jpg 768w, https:\/\/yvongoossens.com\/wp-content\/uploads\/2021\/07\/Yvon-Goossens-Materia-Prima-PUTREFACTION-processus-1.JPG.-1024x1536.jpg 1024w, https:\/\/yvongoossens.com\/wp-content\/uploads\/2021\/07\/Yvon-Goossens-Materia-Prima-PUTREFACTION-processus-1.JPG.-1365x2048.jpg 1365w\" sizes=\"(max-width: 1707px) 100vw, 1707px\" \/>\t\t\t\t\t\t\t\t\t\t\t\t\t\t\t<\/div>\n\t\t\t\t<\/div>\n\t\t\t\t\t<\/div>\n\t\t<\/div>\n\t\t\t\t\t\t\t<\/div>\n\t\t<\/section>\n\t\t\t\t<div class=\"elementor-element elementor-element-c1c1318 elementor-widget elementor-widget-spacer\" data-id=\"c1c1318\" data-element_type=\"widget\" data-widget_type=\"spacer.default\">\n\t\t\t\t<div class=\"elementor-widget-container\">\n\t\t\t\t\t<div class=\"elementor-spacer\">\n\t\t\t<div class=\"elementor-spacer-inner\"><\/div>\n\t\t<\/div>\n\t\t\t\t<\/div>\n\t\t\t\t<\/div>\n\t\t\t\t<div class=\"elementor-element elementor-element-051bd8f elementor-widget elementor-widget-image\" data-id=\"051bd8f\" data-element_type=\"widget\" data-widget_type=\"image.default\">\n\t\t\t\t<div class=\"elementor-widget-container\">\n\t\t\t\t\t\t\t\t\t\t\t\t\t\t\t<img loading=\"lazy\" width=\"2560\" height=\"1707\" src=\"https:\/\/yvongoossens.com\/wp-content\/uploads\/2021\/07\/Yvon-Goossens-Materia-Prima-PUTREFACTION-processus-2.JPG.-scaled.jpg\" class=\"attachment-full size-full\" alt=\"\" decoding=\"async\" srcset=\"https:\/\/yvongoossens.com\/wp-content\/uploads\/2021\/07\/Yvon-Goossens-Materia-Prima-PUTREFACTION-processus-2.JPG.-scaled.jpg 2560w, https:\/\/yvongoossens.com\/wp-content\/uploads\/2021\/07\/Yvon-Goossens-Materia-Prima-PUTREFACTION-processus-2.JPG.-300x200.jpg 300w, https:\/\/yvongoossens.com\/wp-content\/uploads\/2021\/07\/Yvon-Goossens-Materia-Prima-PUTREFACTION-processus-2.JPG.-1024x683.jpg 1024w, https:\/\/yvongoossens.com\/wp-content\/uploads\/2021\/07\/Yvon-Goossens-Materia-Prima-PUTREFACTION-processus-2.JPG.-768x512.jpg 768w, https:\/\/yvongoossens.com\/wp-content\/uploads\/2021\/07\/Yvon-Goossens-Materia-Prima-PUTREFACTION-processus-2.JPG.-1536x1024.jpg 1536w, https:\/\/yvongoossens.com\/wp-content\/uploads\/2021\/07\/Yvon-Goossens-Materia-Prima-PUTREFACTION-processus-2.JPG.-2048x1365.jpg 2048w\" sizes=\"(max-width: 2560px) 100vw, 2560px\" \/>\t\t\t\t\t\t\t\t\t\t\t\t\t\t\t<\/div>\n\t\t\t\t<\/div>\n\t\t\t\t<div class=\"elementor-element elementor-element-6eaa5be elementor-widget elementor-widget-spacer\" data-id=\"6eaa5be\" data-element_type=\"widget\" data-widget_type=\"spacer.default\">\n\t\t\t\t<div class=\"elementor-widget-container\">\n\t\t\t\t\t<div class=\"elementor-spacer\">\n\t\t\t<div class=\"elementor-spacer-inner\"><\/div>\n\t\t<\/div>\n\t\t\t\t<\/div>\n\t\t\t\t<\/div>\n\t\t\t\t<section class=\"elementor-section elementor-inner-section elementor-element elementor-element-80f0e9b elementor-section-boxed elementor-section-height-default elementor-section-height-default\" data-id=\"80f0e9b\" data-element_type=\"section\">\n\t\t\t\t\t\t<div class=\"elementor-container elementor-column-gap-default\">\n\t\t\t\t\t<div class=\"elementor-column elementor-col-50 elementor-inner-column elementor-element elementor-element-0e8c5b3\" data-id=\"0e8c5b3\" data-element_type=\"column\">\n\t\t\t<div class=\"elementor-widget-wrap elementor-element-populated\">\n\t\t\t\t\t\t\t\t<div class=\"elementor-element elementor-element-d2490eb elementor-widget elementor-widget-image\" data-id=\"d2490eb\" data-element_type=\"widget\" data-widget_type=\"image.default\">\n\t\t\t\t<div class=\"elementor-widget-container\">\n\t\t\t\t\t\t\t\t\t\t\t\t\t\t\t<img loading=\"lazy\" width=\"2560\" height=\"1707\" src=\"https:\/\/yvongoossens.com\/wp-content\/uploads\/2021\/07\/Yvon-Goossens-Materia-Prima-PUTREFACTION-processus-6-scaled.jpg\" class=\"attachment-full size-full\" alt=\"\" decoding=\"async\" srcset=\"https:\/\/yvongoossens.com\/wp-content\/uploads\/2021\/07\/Yvon-Goossens-Materia-Prima-PUTREFACTION-processus-6-scaled.jpg 2560w, https:\/\/yvongoossens.com\/wp-content\/uploads\/2021\/07\/Yvon-Goossens-Materia-Prima-PUTREFACTION-processus-6-300x200.jpg 300w, https:\/\/yvongoossens.com\/wp-content\/uploads\/2021\/07\/Yvon-Goossens-Materia-Prima-PUTREFACTION-processus-6-1024x683.jpg 1024w, https:\/\/yvongoossens.com\/wp-content\/uploads\/2021\/07\/Yvon-Goossens-Materia-Prima-PUTREFACTION-processus-6-768x512.jpg 768w, https:\/\/yvongoossens.com\/wp-content\/uploads\/2021\/07\/Yvon-Goossens-Materia-Prima-PUTREFACTION-processus-6-1536x1024.jpg 1536w, https:\/\/yvongoossens.com\/wp-content\/uploads\/2021\/07\/Yvon-Goossens-Materia-Prima-PUTREFACTION-processus-6-2048x1365.jpg 2048w\" sizes=\"(max-width: 2560px) 100vw, 2560px\" \/>\t\t\t\t\t\t\t\t\t\t\t\t\t\t\t<\/div>\n\t\t\t\t<\/div>\n\t\t\t\t\t<\/div>\n\t\t<\/div>\n\t\t\t\t<div class=\"elementor-column elementor-col-50 elementor-inner-column elementor-element elementor-element-1bda9b8\" data-id=\"1bda9b8\" data-element_type=\"column\">\n\t\t\t<div class=\"elementor-widget-wrap elementor-element-populated\">\n\t\t\t\t\t\t\t\t<div class=\"elementor-element elementor-element-9f051cb elementor-widget__width-initial elementor-absolute elementor-widget elementor-widget-text-editor\" data-id=\"9f051cb\" data-element_type=\"widget\" data-settings=\"{&quot;_position&quot;:&quot;absolute&quot;}\" data-widget_type=\"text-editor.default\">\n\t\t\t\t<div class=\"elementor-widget-container\">\n\t\t\t\t\t\t\t\t<div class=\"page\" title=\"Page 4\"><div class=\"section\"><div class=\"layoutArea\"><div class=\"column\"><div class=\"page\" title=\"Page 4\"><div class=\"section\"><div class=\"layoutArea\"><div class=\"column\"><div class=\"page\" title=\"Page 4\"><div class=\"section\"><div class=\"layoutArea\"><div class=\"column\"><p>&#8211; Moisissures \u00e9lev\u00e9es dans le caf\u00e9 et \u00e0 partir du citron.<\/p><p>\u00a0<\/p><\/div><\/div><\/div><\/div><\/div><\/div><\/div><\/div><\/div><\/div><\/div><\/div>\t\t\t\t\t\t<\/div>\n\t\t\t\t<\/div>\n\t\t\t\t\t<\/div>\n\t\t<\/div>\n\t\t\t\t\t\t\t<\/div>\n\t\t<\/section>\n\t\t\t\t<div class=\"elementor-element elementor-element-74f7e89 elementor-widget elementor-widget-spacer\" data-id=\"74f7e89\" data-element_type=\"widget\" data-widget_type=\"spacer.default\">\n\t\t\t\t<div class=\"elementor-widget-container\">\n\t\t\t\t\t<div class=\"elementor-spacer\">\n\t\t\t<div class=\"elementor-spacer-inner\"><\/div>\n\t\t<\/div>\n\t\t\t\t<\/div>\n\t\t\t\t<\/div>\n\t\t\t\t<section class=\"elementor-section elementor-inner-section elementor-element elementor-element-e3b0181 elementor-section-boxed elementor-section-height-default elementor-section-height-default\" data-id=\"e3b0181\" data-element_type=\"section\">\n\t\t\t\t\t\t<div class=\"elementor-container elementor-column-gap-default\">\n\t\t\t\t\t<div class=\"elementor-column elementor-col-50 elementor-inner-column elementor-element elementor-element-7f1539b\" data-id=\"7f1539b\" data-element_type=\"column\">\n\t\t\t<div class=\"elementor-widget-wrap elementor-element-populated\">\n\t\t\t\t\t\t\t\t<div class=\"elementor-element elementor-element-22cd7a4 elementor-widget elementor-widget-image\" data-id=\"22cd7a4\" data-element_type=\"widget\" data-widget_type=\"image.default\">\n\t\t\t\t<div class=\"elementor-widget-container\">\n\t\t\t\t\t\t\t\t\t\t\t\t\t\t\t<img loading=\"lazy\" width=\"1024\" height=\"683\" src=\"https:\/\/yvongoossens.com\/wp-content\/uploads\/2021\/07\/Yvon-Goossens-Materia-Prima-PUTREFACTION-processus-5.JPG.-1024x683.jpg\" class=\"attachment-large size-large\" alt=\"\" decoding=\"async\" srcset=\"https:\/\/yvongoossens.com\/wp-content\/uploads\/2021\/07\/Yvon-Goossens-Materia-Prima-PUTREFACTION-processus-5.JPG.-1024x683.jpg 1024w, https:\/\/yvongoossens.com\/wp-content\/uploads\/2021\/07\/Yvon-Goossens-Materia-Prima-PUTREFACTION-processus-5.JPG.-300x200.jpg 300w, https:\/\/yvongoossens.com\/wp-content\/uploads\/2021\/07\/Yvon-Goossens-Materia-Prima-PUTREFACTION-processus-5.JPG.-768x512.jpg 768w, https:\/\/yvongoossens.com\/wp-content\/uploads\/2021\/07\/Yvon-Goossens-Materia-Prima-PUTREFACTION-processus-5.JPG.-1536x1024.jpg 1536w, https:\/\/yvongoossens.com\/wp-content\/uploads\/2021\/07\/Yvon-Goossens-Materia-Prima-PUTREFACTION-processus-5.JPG.-2048x1365.jpg 2048w\" sizes=\"(max-width: 1024px) 100vw, 1024px\" \/>\t\t\t\t\t\t\t\t\t\t\t\t\t\t\t<\/div>\n\t\t\t\t<\/div>\n\t\t\t\t\t<\/div>\n\t\t<\/div>\n\t\t\t\t<div class=\"elementor-column elementor-col-50 elementor-inner-column elementor-element elementor-element-7fb075c\" data-id=\"7fb075c\" data-element_type=\"column\">\n\t\t\t<div class=\"elementor-widget-wrap elementor-element-populated\">\n\t\t\t\t\t\t\t\t<div class=\"elementor-element elementor-element-b5e0017 elementor-widget elementor-widget-image\" data-id=\"b5e0017\" data-element_type=\"widget\" data-widget_type=\"image.default\">\n\t\t\t\t<div class=\"elementor-widget-container\">\n\t\t\t\t\t\t\t\t\t\t\t\t\t\t\t<img loading=\"lazy\" width=\"683\" height=\"1024\" src=\"https:\/\/yvongoossens.com\/wp-content\/uploads\/2021\/07\/Yvon-Goossens-Materia-Prima-PUTREFACTION-processus-10-683x1024.jpg\" class=\"attachment-large size-large\" alt=\"\" decoding=\"async\" srcset=\"https:\/\/yvongoossens.com\/wp-content\/uploads\/2021\/07\/Yvon-Goossens-Materia-Prima-PUTREFACTION-processus-10-683x1024.jpg 683w, https:\/\/yvongoossens.com\/wp-content\/uploads\/2021\/07\/Yvon-Goossens-Materia-Prima-PUTREFACTION-processus-10-200x300.jpg 200w, https:\/\/yvongoossens.com\/wp-content\/uploads\/2021\/07\/Yvon-Goossens-Materia-Prima-PUTREFACTION-processus-10-768x1152.jpg 768w, https:\/\/yvongoossens.com\/wp-content\/uploads\/2021\/07\/Yvon-Goossens-Materia-Prima-PUTREFACTION-processus-10-1024x1536.jpg 1024w, https:\/\/yvongoossens.com\/wp-content\/uploads\/2021\/07\/Yvon-Goossens-Materia-Prima-PUTREFACTION-processus-10-1365x2048.jpg 1365w, https:\/\/yvongoossens.com\/wp-content\/uploads\/2021\/07\/Yvon-Goossens-Materia-Prima-PUTREFACTION-processus-10-scaled.jpg 1707w\" sizes=\"(max-width: 683px) 100vw, 683px\" \/>\t\t\t\t\t\t\t\t\t\t\t\t\t\t\t<\/div>\n\t\t\t\t<\/div>\n\t\t\t\t\t<\/div>\n\t\t<\/div>\n\t\t\t\t\t\t\t<\/div>\n\t\t<\/section>\n\t\t\t\t<div class=\"elementor-element elementor-element-a2312d8 elementor-widget elementor-widget-spacer\" data-id=\"a2312d8\" data-element_type=\"widget\" data-widget_type=\"spacer.default\">\n\t\t\t\t<div class=\"elementor-widget-container\">\n\t\t\t\t\t<div class=\"elementor-spacer\">\n\t\t\t<div class=\"elementor-spacer-inner\"><\/div>\n\t\t<\/div>\n\t\t\t\t<\/div>\n\t\t\t\t<\/div>\n\t\t\t\t<section class=\"elementor-section elementor-inner-section elementor-element elementor-element-a18b3f9 elementor-section-boxed elementor-section-height-default elementor-section-height-default\" data-id=\"a18b3f9\" data-element_type=\"section\">\n\t\t\t\t\t\t<div class=\"elementor-container elementor-column-gap-default\">\n\t\t\t\t\t<div class=\"elementor-column elementor-col-50 elementor-inner-column elementor-element elementor-element-281747c\" data-id=\"281747c\" data-element_type=\"column\">\n\t\t\t<div class=\"elementor-widget-wrap elementor-element-populated\">\n\t\t\t\t\t\t\t\t<div class=\"elementor-element elementor-element-deb17ea elementor-widget elementor-widget-image\" data-id=\"deb17ea\" data-element_type=\"widget\" data-widget_type=\"image.default\">\n\t\t\t\t<div class=\"elementor-widget-container\">\n\t\t\t\t\t\t\t\t\t\t\t\t\t\t\t<img loading=\"lazy\" width=\"2363\" height=\"2560\" src=\"https:\/\/yvongoossens.com\/wp-content\/uploads\/2021\/07\/Yvon-Goossens-Materia-Prima-PUTREFACTION-processus-8-scaled.jpg\" class=\"attachment-full size-full\" alt=\"\" decoding=\"async\" srcset=\"https:\/\/yvongoossens.com\/wp-content\/uploads\/2021\/07\/Yvon-Goossens-Materia-Prima-PUTREFACTION-processus-8-scaled.jpg 2363w, https:\/\/yvongoossens.com\/wp-content\/uploads\/2021\/07\/Yvon-Goossens-Materia-Prima-PUTREFACTION-processus-8-277x300.jpg 277w, https:\/\/yvongoossens.com\/wp-content\/uploads\/2021\/07\/Yvon-Goossens-Materia-Prima-PUTREFACTION-processus-8-945x1024.jpg 945w, https:\/\/yvongoossens.com\/wp-content\/uploads\/2021\/07\/Yvon-Goossens-Materia-Prima-PUTREFACTION-processus-8-768x832.jpg 768w, https:\/\/yvongoossens.com\/wp-content\/uploads\/2021\/07\/Yvon-Goossens-Materia-Prima-PUTREFACTION-processus-8-1418x1536.jpg 1418w, https:\/\/yvongoossens.com\/wp-content\/uploads\/2021\/07\/Yvon-Goossens-Materia-Prima-PUTREFACTION-processus-8-1891x2048.jpg 1891w\" sizes=\"(max-width: 2363px) 100vw, 2363px\" \/>\t\t\t\t\t\t\t\t\t\t\t\t\t\t\t<\/div>\n\t\t\t\t<\/div>\n\t\t\t\t\t<\/div>\n\t\t<\/div>\n\t\t\t\t<div class=\"elementor-column elementor-col-50 elementor-inner-column elementor-element elementor-element-911b6ac\" data-id=\"911b6ac\" data-element_type=\"column\">\n\t\t\t<div class=\"elementor-widget-wrap elementor-element-populated\">\n\t\t\t\t\t\t\t\t<div class=\"elementor-element elementor-element-5956502 elementor-widget__width-initial elementor-absolute elementor-widget elementor-widget-text-editor\" data-id=\"5956502\" data-element_type=\"widget\" data-settings=\"{&quot;_position&quot;:&quot;absolute&quot;}\" data-widget_type=\"text-editor.default\">\n\t\t\t\t<div class=\"elementor-widget-container\">\n\t\t\t\t\t\t\t\t<div class=\"page\" title=\"Page 4\"><div class=\"section\"><div class=\"layoutArea\"><div class=\"column\"><div class=\"page\" title=\"Page 4\"><div class=\"section\"><div class=\"layoutArea\"><div class=\"column\"><div class=\"page\" title=\"Page 4\"><div class=\"section\"><div class=\"layoutArea\"><div class=\"column\"><p>&#8211; Moisissures \u00e9lev\u00e9es dans le caf\u00e9 brut (en surface) et prisonni\u00e8res dans l&rsquo;ac\u00e9tate de polyvinyle (couche profonde) et pigment noir de carbone.<\/p><p>&#8211; Bois (MDF)<\/p><p>&#8211; 184,5 cm x 122 cm.<\/p><\/div><p>\u00a0<\/p><p>&#8211; Moisissures \u00e9lev\u00e9es dans le caf\u00e9 brut (en surface) et prisonni\u00e8res dans l&rsquo;ac\u00e9tate de polyvinyle (couche profonde) et pigment noir de carbone.<\/p><p>&#8211; Bois (MDF)<\/p><p>&#8211; 97 cm x 122 cm.<\/p><\/div><\/div><\/div><\/div><\/div><\/div><\/div><\/div><\/div><\/div><\/div>\t\t\t\t\t\t<\/div>\n\t\t\t\t<\/div>\n\t\t\t\t\t<\/div>\n\t\t<\/div>\n\t\t\t\t\t\t\t<\/div>\n\t\t<\/section>\n\t\t\t\t\t<\/div>\n\t\t<\/div>\n\t\t\t\t\t\t\t<\/div>\n\t\t<\/section>\n\t\t\t\t\t\t<\/div>\n\t\t\t\t\t<\/div>\n\t\t","protected":false},"excerpt":{"rendered":"<p>Materia Prima PUTREFACTION SERIE 2 &#8211; Moisissures \u00e9lev\u00e9es dans le caf\u00e9 et \u00e0 partir du citron. \u00a0 &#8211; Moisissures \u00e9lev\u00e9es dans le caf\u00e9 brut (en surface) et prisonni\u00e8res dans l&rsquo;ac\u00e9tate de polyvinyle (couche profonde) et pigment noir de carbone. &#8211; Bois (MDF) &#8211; 184,5 cm x 122 cm. \u00a0 &#8211; Moisissures \u00e9lev\u00e9es dans le caf\u00e9 &#8230; <a title=\"MATERIA PRIMA \/ PUTREFACTION \/ SERIE 2\" class=\"read-more\" href=\"https:\/\/yvongoossens.com\/index.php\/elementor-1998\/\" aria-label=\"En savoir plus sur MATERIA PRIMA \/ PUTREFACTION \/ SERIE 2\">Lire la suite<\/a><\/p>\n","protected":false},"author":1,"featured_media":0,"parent":0,"menu_order":0,"comment_status":"closed","ping_status":"closed","template":"elementor_header_footer","meta":{"footnotes":""},"_links":{"self":[{"href":"https:\/\/yvongoossens.com\/index.php\/wp-json\/wp\/v2\/pages\/1998"}],"collection":[{"href":"https:\/\/yvongoossens.com\/index.php\/wp-json\/wp\/v2\/pages"}],"about":[{"href":"https:\/\/yvongoossens.com\/index.php\/wp-json\/wp\/v2\/types\/page"}],"author":[{"embeddable":true,"href":"https:\/\/yvongoossens.com\/index.php\/wp-json\/wp\/v2\/users\/1"}],"replies":[{"embeddable":true,"href":"https:\/\/yvongoossens.com\/index.php\/wp-json\/wp\/v2\/comments?post=1998"}],"version-history":[{"count":56,"href":"https:\/\/yvongoossens.com\/index.php\/wp-json\/wp\/v2\/pages\/1998\/revisions"}],"predecessor-version":[{"id":2545,"href":"https:\/\/yvongoossens.com\/index.php\/wp-json\/wp\/v2\/pages\/1998\/revisions\/2545"}],"wp:attachment":[{"href":"https:\/\/yvongoossens.com\/index.php\/wp-json\/wp\/v2\/media?parent=1998"}],"curies":[{"name":"wp","href":"https:\/\/api.w.org\/{rel}","templated":true}]}}