{"id":3138,"date":"2022-01-30T12:40:54","date_gmt":"2022-01-30T11:40:54","guid":{"rendered":"http:\/\/yvongoossens.com\/?page_id=3138"},"modified":"2023-07-05T17:03:10","modified_gmt":"2023-07-05T15:03:10","slug":"biographie","status":"publish","type":"page","link":"https:\/\/yvongoossens.com\/index.php\/biographie\/","title":{"rendered":"BIOGRAPHIE"},"content":{"rendered":"\t\t<div data-elementor-type=\"wp-page\" data-elementor-id=\"3138\" class=\"elementor elementor-3138\" data-elementor-settings=\"[]\">\n\t\t\t\t\t\t\t<div class=\"elementor-section-wrap\">\n\t\t\t\t\t\t\t<section class=\"elementor-section elementor-top-section elementor-element elementor-element-bee12a1 elementor-section-boxed elementor-section-height-default elementor-section-height-default\" data-id=\"bee12a1\" data-element_type=\"section\">\n\t\t\t\t\t\t<div class=\"elementor-container elementor-column-gap-default\">\n\t\t\t\t\t<div class=\"elementor-column elementor-col-100 elementor-top-column elementor-element elementor-element-e7fc992\" data-id=\"e7fc992\" data-element_type=\"column\">\n\t\t\t<div class=\"elementor-widget-wrap elementor-element-populated\">\n\t\t\t\t\t\t\t\t<section class=\"elementor-section elementor-inner-section elementor-element elementor-element-8d12ab5 elementor-section-boxed elementor-section-height-default elementor-section-height-default\" data-id=\"8d12ab5\" data-element_type=\"section\">\n\t\t\t\t\t\t<div class=\"elementor-container elementor-column-gap-default\">\n\t\t\t\t\t<div class=\"elementor-column elementor-col-50 elementor-inner-column elementor-element elementor-element-93855c3\" data-id=\"93855c3\" data-element_type=\"column\">\n\t\t\t<div class=\"elementor-widget-wrap elementor-element-populated\">\n\t\t\t\t\t\t\t\t<div class=\"elementor-element elementor-element-0ddf4ca elementor-widget elementor-widget-text-editor\" data-id=\"0ddf4ca\" data-element_type=\"widget\" data-widget_type=\"text-editor.default\">\n\t\t\t\t<div class=\"elementor-widget-container\">\n\t\t\t\t\t\t\t\t<p><strong>BIOGRAPHIE<\/strong><\/p>\n<p>Artiste visuel et plasticien, Yvon Goossens, n\u00e9 le 25 avril 1988, vit et travaille \u00e0 Bruxelles. Il obtient un grade de master \u00e0 finalit\u00e9 approfondie en arts plastiques visuels et de l&rsquo;espace, avec une sp\u00e9cialisation en peinture, \u00e0 l&rsquo;Acad\u00e9mie Royale des Beaux-Arts de Bruxelles (ARBA-ESA). Il est \u00e9galement titulaire de l&rsquo;Agr\u00e9gation de l&rsquo;enseignement secondaire sup\u00e9rieur (AESS). Au cours de sa carri\u00e8re, il a occup\u00e9 des postes de direction et de coordination dans le domaine artistique et culturel. Depuis mars 2019, il est Directeur \u00e0 La Chambre de l&rsquo;Art et de la Culture, o\u00f9 il exerce \u00e9galement le r\u00f4le de Directeur \u00e0 La Chambre Galerie. Auparavant, il avait initi\u00e9 le projet \u00ab&nbsp;alternative proposition&nbsp;\u00bb \u00e0 la Galerie Lin, une s\u00e9rie de propositions dans le domaine de l&rsquo;art contemporain. &nbsp;Il a enseign\u00e9 l&rsquo;art plastique, la peinture et l&rsquo;\u00e9ducation artistique dans divers contextes, que ce soit au niveau acad\u00e9mique, secondaire ou socio-culturel et a \u00e9galement propos\u00e9 des conf\u00e9rences sur des sujets li\u00e9s \u00e0 l&rsquo;art et la philosophie. Son engagement dans le secteur artistique s&rsquo;est manifest\u00e9 \u00e0 travers des projets de m\u00e9diation et de r\u00e9sidence d&rsquo;artiste visant \u00e0 promouvoir la m\u00e9diation artistique et culturelle aupr\u00e8s de diff\u00e9rents publics. Yvon Goossens a \u00e9galement co-\u00e9crit avec Eva Nothomb et contribu\u00e9 \u00e0 une publication li\u00e9e \u00e0 l&rsquo;art et \u00e0 l&rsquo;\u00e9ducation, pour le programme OLC (Ouverture Langue et Culture).<\/p>\n<p>Envisageant la peinture comme un \u00ab laboratoire \u00bb, ses premiers travaux utilisaient des techniques chimiques et culinaires pour fusionner des \u00e9l\u00e9ments naturels r\u00e9colter dans les for\u00eats. Obs\u00e9d\u00e9 par l\u2019id\u00e9e de produire des tableaux vivants : il exp\u00e9rimentait des mati\u00e8res brutes telles que la terre, le limon, des substances calcin\u00e9es, des liquides v\u00e9g\u00e9taux et min\u00e9raux, des moisissures de caf\u00e9, de citron et d\u2019autres composants organiques \u00e9tranges dans divers liants tels que l&rsquo;ac\u00e9tate de polyvinyle, le dammar, les gommes et la colle totin ; Permettant ainsi un proc\u00e9d\u00e9 \u00ab hyperbolique \u00bb, ou plut\u00f4t que de chercher \u00e0 produire des \u00ab\u00a0effets\u00a0\u00bb intentionnels, on aurait l\u2019expression des mati\u00e8res constituantes. Selon Vincent Poth, le r\u00e9sultat est un mouvement constant dans une sorte d\u2019inach\u00e8vement :<\/p>\n<p><em>\u00ab\u00a0Bannissant l\u2019immobile, le devenir \u00e9clat\u00e9 des toiles d\u2019Yvon Goossens semble surgir comme un appel \u00e0 \u00eatre. Le regard convoqu\u00e9 y demeure sans repos, on le bouscule vigoureusement dans l&rsquo;al\u00e9a des formes. Le terme \u00ab chaotique \u00bb bien s\u00fbr vient \u00e0 l&rsquo;esprit, mais il serait niais de le confondre alors avec l&#8217;emprunt d&rsquo;une libert\u00e9 factice, qui refuserait platement ses bords craignant de s&rsquo;y cogner. Ce dont t\u00e9moigne l&rsquo;\u0153uvre choisie transpire une autre affaire. Le souffle qui en sort a explor\u00e9 l&rsquo;impasse, le doute, et le r\u00e9tr\u00e9cissement, mais fuse hors de lui-m\u00eame, comme \u00e9vad\u00e9 dans le vertige, o\u00f9 l&rsquo;appui disparu se mue dans la puissance d&rsquo;avoir os\u00e9 sauter. La toile est arr\u00eat\u00e9e, et pourtant l&rsquo;on fr\u00e9mit, comme si l&rsquo;instant aigu la parcourait encore. Tout cr\u00e9ateur voudrait pincer son origine. Il y \u00e9choue, et rend l&rsquo;\u0153uvre possible. Yvon Goossens illustre sans mentir sa voie inachev\u00e9e, criant dans son sillage le go\u00fbt de parcourir.\u00a0\u00bb<\/em><\/p>\n<p>L\u2019\u0153uvre entra\u00eene avec elle l\u2019\u0153il du spectateur vers des curiosit\u00e9s proc\u00e9durales dans des magmas organiques, ontogen\u00e8se o\u00f9 se d\u00e9ploie la nature \u00ab&nbsp;purifi\u00e9e&nbsp;\u00bb, ou mieux encore&nbsp;: concentr\u00e9e, sublim\u00e9e.&nbsp;Dans la continuit\u00e9 de son travail et dans sa derni\u00e8re exposition \u00ab&nbsp;Cambrium&nbsp;\u00bb qui fait r\u00e9f\u00e9rence \u00e0 la p\u00e9riode g\u00e9ologique du m\u00eame nom, marquant l&rsquo;apparition des premi\u00e8res formes de vie, il explore de nouveaux angles&nbsp;: o\u00f9 les formes primitives se r\u00e9v\u00e8lent dans la dynamique constante de l&rsquo;\u00e9volution des organismes vivants depuis leurs configurations \u00e9l\u00e9mentaires jusqu&rsquo;\u00e0 des expressions plus complexes et \u00e9nigmatiques en int\u00e9grant une dimension it\u00e9rative des formes et en r\u00e9interpr\u00e9tant dans un d\u00e9ploiement formel les variations infinies d&rsquo;un motif unique. Son travail a \u00e9t\u00e9 expos\u00e9 dans des galeries telles que la Galerie Lin et la Chambre Galerie \u00e0 Bruxelles, ainsi qu&rsquo;\u00e0 l\u2019espace des inattendus \u00e0 Tournai et au V2vingt \u00e0 Bruxelles.<\/p>\n<hr>\n<p><b><br><\/b><\/p><p><b><br><\/b><\/p><p><b>CURRICULUM<\/b><strong>&nbsp;VITAE<\/strong><\/p>\n<p><strong>&#8211; EDUCATION \u2013<\/strong><\/p>\n<p>Le grade de master \u00e0 finalit\u00e9 approfondie en arts plastiques visuels et de l\u2019espace dans l\u2019option peinture \u00e0 l\u2019Acad\u00e9mie Royale des Beaux-Arts de Bruxelles (ARBA-ESA)<\/p>\n<p>AESS (Agr\u00e9gation de l\u2019enseignement secondaire sup\u00e9rieur).<\/p>\n<div title=\"Page 1\">\n<div>\n<div>\n<p><strong>&#8211; EDUCATION \/ FORMATION \u2013<\/strong><\/p>\n<p>&#8211; &nbsp;2022-2023 : CBAI (Centre Bruxellois d&rsquo;Action Interculturelle) \/ \u00ab la formation FOFOCI (Formateurs et formatrices a\u0300 la citoyennete\u0301 pour primo- arrivant) \u00bb<\/p>\n<p>&#8211; &nbsp;2022 : Res Urbis et Association Marcel Hicter pour la de\u0301mocratie culturelle \/ \u00ab Pratique de conception et gestion de projet \u00bb<\/p>\n<p>&#8211; &nbsp;2019 : STICS (Service pour la Transformation, l\u2019Innovation et le Changement Social) \/ \u00ab Trouver des financements pour mes projets \u00bb<\/p>\n<\/div>\n<\/div>\n<\/div>\n<p><strong>&#8211; DIRECTION \u2013<\/strong><\/p>\n<p>Depuis mars 2019&nbsp;: Direction : La Chambre de l\u2019Art et de la Culture Asbl (Bruxelles) \/ Directeur \u00e0 La Chambre Galerie.<\/p>\n<p>Septembre 2019 \u2013 Aout 2021&nbsp;: Directeur \u00e0 la Galerie Lin \/ alternative proposition (Bruxelles) \/ Galerie d\u2019art.<\/p>\n<p><strong>&#8211; COORDINATION DE PROJET PEDAGOGIQUE &#8211;<\/strong><\/p>\n<p>Septembre 2021 : cr\u00e9ation et coordinateur du projet p\u00e9dagogique&nbsp;: Op\u00e9ration r\u00e9sidence d\u2019artiste \u00ab Construire la connaissance des arts \/ Du savoir \u00e0 l\u2019imagination \u00bb \/ F\u00e9d\u00e9ration Wallonie-Bruxelles \/ Partenariat avec l\u2019\u00e9cole du Chant d&rsquo;Oiseau \u00e0 Woluwe-Saint-Pierre.<\/p>\n<p>Septembre 2021 : cr\u00e9ation et coordinateur du projet de m\u00e9diation artistique : \u00ab&nbsp;D\u00e9veloppement des axes de m\u00e9diations artistiques et culturelles \u00bb \/ COCOF \/ Nombreux partenariats.<\/p>\n<p>Aout 2018 \u2013 D\u00e9cembre 2019&nbsp;: cr\u00e9ation et coordinateur du projet p\u00e9dagogique&nbsp;: \u00ab Je m\u2019appelle quelqu\u2019un : des ressources en partage, du savoir a\u0300 l\u2019imagination \u00bb \/ COCOF \/ Nombreuses interventions et collaborations pour la mise en place et r\u00e9alisation du projet.<\/p>\n<p><strong>&#8211; ENSEIGNEMENT \/ SECTEUR INDEPENDANT \u2013<\/strong><\/p>\n<p>2020&nbsp;: Professeur de peinture pour divers stages (1 semaine) : \u00ab&nbsp;Peinture et Laboratoire \u00bb&nbsp; (La Chambre Galerie et Galerie Lin)<\/p>\n<p><strong>&#8211; ENSEIGNEMENT \/ SECTEUR ACADEMIQUE \u2013<\/strong><\/p>\n<p>2021&nbsp;: Participation aux jurys de Dessin : Acad\u00e9mie des Arts de Bruxelles \/ Rue des Tanneurs (Acad\u00e9mie \u2013 pour adulte).<\/p>\n<p>2019 -2021&nbsp;: Professeur de peinture pour la \u00ab&nbsp;f\u00e9d\u00e9ration ind\u00e9pendantes des s\u00e9niors&nbsp;\u2013 asbl \u00bb<\/p>\n<p>Juin 2018&nbsp;: Intervention et Coordination \u00e0 l\u2019acad\u00e9mie de Dessin et des arts visuels de Molenbeek-Saint-Jean, du jury des enfants.<\/p>\n<p>Juillet 2017&nbsp;: Professeur pour l\u2019Acad\u00e9mie Internationale d\u2019\u00e9t\u00e9 de Wallonie (AKDT), Stage d\u2019une semaine (La peinture&nbsp;: enjeux et changement \u2013 Stage pour adultes).<\/p>\n<p>2017&nbsp;: Participation aux jurys de peinture&nbsp;: l\u2019Ecole des arts de Braine-l\u2019Alleud \u2013 l\u2019Acad\u00e9mie Internationale d\u2019\u00e9t\u00e9 de Wallonie (AKDT)<\/p>\n<p>2016 \u2013 2017&nbsp;: Professeur de peinture \u00e0 l\u2019Ecole des Arts de Braine-l&rsquo;Alleud (Acad\u00e9mie \u2013 pour adulte).<\/p>\n<p><strong>&#8211; ENSEIGNEMENT \/ SECTEUR SECONDAIRE &#8211;<\/strong><\/p>\n<p>2017 &#8211; 2019&nbsp;: Professeur d\u2019\u00e9ducation artistique au Lyc\u00e9e Mater Dei \u2013 Woluwe-Saint-Pierre.<\/p>\n<p>2017 \u2013 2019&nbsp;: professeur de dessin au Coll\u00e8ge Notre Dame de Basse-Wavre<\/p>\n<p>2016 \u2013 2017&nbsp;: Professeur d\u2019art plastique au Lyc\u00e9e Fran\u00e7ais Jean Monnet. (Secondaire sup\u00e9rieur)<\/p>\n<p><strong>&#8211; ENSEIGNEMENT \/ SECTEUR SOCIO-CULTUREL \u2013<\/strong><\/p>\n<p>2020 \u2013 2021&nbsp;: Direction du \u00ab&nbsp;Parcours d\u2019int\u00e9gration&nbsp;\u00bb&nbsp;: La Chambre de l\u2019Art et de la Culture et le Centre Culturel Omar Kayam (CCOK)<\/p>\n<p>2018 &#8211; 2019&nbsp;: Intervenant culturel pour le Centre Culturel Omar Kayam (CCOK).<\/p>\n<p><strong>&#8211; INTERVENTION \/ CONFERENCE \u2013<\/strong><\/p>\n<p>F\u00e9vrier 2020&nbsp;: Conf\u00e9rence&nbsp;: L\u2019homme, l\u2019art et l\u2019alchimie, \u00e0 la FIS (BRUXELLES)<\/p>\n<p>Octobre 2019&nbsp;: Conf\u00e9rence&nbsp;: L\u2019art Ancien \/ l\u2019art contemporain. Quelle lecture ? \u00e0 la FIS (BRUXELLES)<\/p>\n<p>Juillet 2017&nbsp;: Conf\u00e9rence&nbsp;: Art et science \u2013 quelle convergence&nbsp;? \u00e0 l\u2019Acad\u00e9mie Internationale d\u2019\u00e9t\u00e9 de Wallonie (AKDT)<\/p>\n<p><strong>&#8211; INTERVENTION \/ FORMATION \u2013<\/strong><\/p>\n<p>&#8211; &nbsp;Depuis 2022 : Formateur OLC : Programme de formation a\u0300 destination des professeur OLC &#8211; Ouverture au Langue et Culture.<\/p>\n<p>&#8211; &nbsp;Depuis 2020 : Formateur (Formation Citoyenne &#8211; FOCI) : \u00ab Art, Culture et Interculturalite\u0301 \u00bb et \u00ab Education a\u0300 la citoyennete\u0301 \u00bb<\/p>\n<p>&#8211; &nbsp;2019 : Formateur I.F.C (Institut de la Formation en cours de carrie\u0300re): \u00ab Donner sa place a\u0300 la culture a\u0300 l\u2019e\u0301cole. \u00bb<\/p>\n<p><strong>&#8211; REDACTION \/ ECRITURE \u2013<\/strong><\/p>\n<div class=\"page\" title=\"Page 3\">\n<div class=\"layoutArea\">\n<div class=\"column\">\n<p>&#8211; Ecriture du livre (Co-autrice : Eva Nothomb) pour le programme OLC (Ouverture langue et Culture &#8211; partenariat entre la Fe\u0301de\u0301ration Wallonie-Bruxelles (FWB) et 10 pays partenaires.) : <em>\u00ab Guide pratique en vue d\u2019aborder l\u2019interculturalite\u0301 en classe\u2028de manie\u0300re cre\u0301ative a\u0300 destination des enseignants d\u2019Ouverture aux Langues et aux Cultures \/ pour l\u2019enseignement maternel et primaire \u00bb<\/em><\/p>\n<\/div>\n<\/div>\n<\/div>\n<p><strong>&#8211; COORDINATION \/ CYCLE DE CONFERENCES &#8211;<\/strong><\/p>\n<p>Mai 2019 \u2013 2020&nbsp;: Coordination \/ Cycle de conf\u00e9rences&nbsp;: initiation et&nbsp;v\u00e9rit\u00e9&nbsp;? \u00e0 La Chambre de l\u2019Art et de la Culture.<\/p>\n<p>BAUDOUIN DECHARNEUX \/ L\u2019INITIATION ENTRE PHILOSOPHIE, HISTOIRE ET ANTHROPOLOGIE.<\/p>\n<p>GEMMA DAOU \/ LA VERITE COMME EXPERIENCE INTERIEURE DE L\u2019ALTERITE DANS LE YOGA ET CHEZ SAINT JEAN DE LA CROIX.<\/p>\n<p>ANN VAN SEVENANT \/ DE LA VERITE AU VRAI&nbsp;: LE ZOROASTRISME.<\/p>\n<p>FRANCK BAAL \/ LE MONDE VISIBLE ET INVISIBLE.<\/p>\n<p>THIBAULT DELFERIERE \/ L\u2019ART DE LA PERFORMANCE DE HERMANN NITSCH : LA RENCONTRE DU CRUCIFIE ET DE DIONYSOS.<\/p>\n<p>PHILIPPE HUNT \/ EPIPHANIE OU SYNCOPE ? INVENTION DU ROMAN \u2018CLASSIQUE\u2019 ET DU SUJET MODERNE \u2014 LE BILDUNGSROMAN, ET CE QU&rsquo;IL EN RESTE.<\/p>\n<p>JEROME LIBON \/ HISTOIRE DE L\u2019ASTROLOGIE COMME SYSTEME DE CONNAISSANCE.<\/p>\n<div class=\"page\" title=\"Page 3\">\n<div class=\"layoutArea\">\n<div class=\"column\">\n<p>NATHANAELLE BLANPAIN \/ DE LA FOLIE A L&rsquo;ABSOLU &#8211; ARCHITECTURES SACREES EN INDE.<\/p>\n<p>NICOLAS AMOROSO \/ LE CULTE ROMAIN DE MITHRA ET L&rsquo;ARCHEOLOGIE DE L&rsquo;INITIATION.<\/p>\n<\/div>\n<\/div>\n<\/div>\n<p>Juin 2019 \u2013 2020&nbsp;: Coordination \/ Cycle de conf\u00e9rences&nbsp;: L\u2019art et la pens\u00e9e \u00e0 La Chambre de l\u2019Art et de la Culture.<\/p>\n<p>PABLO ALVEZ ARTINPROCESS \/ ESTHETIQUE ET ETHIQUE : LA PLACE DE L\u2019ART DANS \u00ab TOTALITE ET INFINI \u00bb D\u2019EMMANUEL LEVINAS<\/p>\n<p>JEREMIE BRUGIDOU \/ FIGURABILITE ET MORPHOGENESE : PROPOSITION D\u2019ECOLOGIE FIGURATIVE AUTOUR DU MYSTERE DE LA GENESE DES FORMES<\/p>\n<p>ROBIN FAYMONVILLE \/ DEBORDER DEBORD. SUR LES TRACES DE LA PENSEE SITUATIONNISTE DANS L\u2019ART CONTEMPORAIN<\/p>\n<p><strong>&#8211; CURATION \/ INITIATION D\u2019EXPOSITION \u2013<\/strong><\/p>\n<p><strong><em>GALERIE LIN<\/em><\/strong><\/p>\n<p>PERFORMANCE \/ SHIRA HORESH \/ LA RESIDENCE DU SUMO BLANC<\/p>\n<p>EXPOSITION \/ VINCENT AMIRI \/ THE PLACE, THE DAY WE\u2019LL MEET<\/p>\n<p>EXPOSITION \/ AUREL QUIROS MIRAMONTES \/ RECITS MARMOREENS<\/p>\n<p>WORK IN PROGRESS \/ NASRINE KHELTENT \/ METAPHORE<\/p>\n<p>EXPOSITION \/ HANNAH MEERSSEMAN \/ BLANK VERSE<\/p>\n<p>EXPOSITION \/ CORENTIN CORDIER \/ ANGLES D\u2019APPROCHE&nbsp;: L\u2019IMAGE INCARNEE<\/p>\n<p>EXPOSITION \/ PABLO ALVEZ ARTINPROCESS \/ QUASI-TANGENTIAL INSTALLATION<\/p>\n<p><em><strong>LA CHAMBRE GALERIE<\/strong><\/em><\/p>\n<p>EXPOSITION \/ LUCIEN ROUX \/ VANISHING POINT<\/p>\n<p>EXPOSITION \/ EVA NOTHOMB \/ AT THE EDGE<\/p>\n<p>PERFORMANCE \/ SHIRA HORESH \/ A BIRD\u2019S PERCH<\/p>\n<p>EXPOSITION \/ GUILLAUME HOEDT&nbsp;\/&nbsp;GEOPLASTIQUE<\/p>\n<p>PERFORMANCE \/ BABELA NAVA \/ HECHOS BOLSA<\/p>\n<p>EXPOSITION \/ VALENTIN CAPONY \/ COLAPSE<\/p>\n<p>EXPOSITION \/ JULIE SEYDOUX \/ WELCOME HOME<\/p>\n<p>EXPOSITION \/ YANNICK BETOFE ILITO, MARIE MEYER, LAURENT DUMORTIER \/ NO GUTS NO GLORY<\/p>\n<p>EXPOSITION \/ NINA MALLER \/ RAVINE<\/p>\n<p>EXPOSITION \/ ANDREA VOGEL et OLIVIA NOTARO \/ ENTRE-TEMPS<\/p>\n<p>PERFORMANCE- INSTALLATION \/ PIERRE BERTHET \/ CONCERT<\/p>\n<p>PERFORMANCE \/ PABLO ALVEZ ARTINPROCESS \/ PHENOMENOLOGIE DE L\u2019EROS<\/p>\n<p>EXPOSITION \/ ARTISTES : BENJAMIN LOYAUTE, ADAM MASOOD \/ SCENOGRAPHIE&nbsp;: NASRINE KHELTENT \/ COMMISSAIRE&nbsp;: YVON GOOSSENS \/ LA LUMIERE SUR (UN AUTRE REGARD SUR L\u2019ASTRONOMIE)<\/p>\n<p>EXPOSITION \/ HANNAH MEERSSEMAN \/ IN ERNEST<\/p>\n<p>EXPOSITION \/ AUREL QUIROS MIRAMONTES \/ ENFER<\/p>\n<p>EXPOSITION \/ LEA FALGUERE \/ EN CORPS UN TRAIT<\/p>\n<p>EXPOSITION \/ ARTISTES : ASIA NYEMBO \/ GARDIENS, PORTES ET POUPEES.<\/p>\n<div class=\"page\" title=\"Page 4\">\n<div class=\"layoutArea\">\n<div class=\"column\">\n<p><strong>&#8211; EXPOSITION \/ SOLO \/ COLLECTIVE\u2013<\/strong><\/p>\n<p>&#8211; &nbsp;2023 (Juillet) : Exposition personnel : \u00ab Cambrium \u00bb (V2Vingt, Bruxelles)<\/p>\n<p>&#8211; &nbsp;2021 : Exposition personnel : \u00ab Materia Prima \u00bb (Galerie Lin, Bruxelles)<\/p>\n<p>&#8211; &nbsp;2020 : Exposition personnel : \u00ab Ontogene\u0300se \u00bb (Coope\u0301rative Glatenies, espace des inattendus, Tournai)<\/p>\n<p>&#8211; &nbsp;2019 : Exposition personnel : \u00ab Organique \u00bb (Chambre Galerie, Bruxelles)<\/p>\n<p>&#8211; &nbsp;2019 : Exposition collective : \u00ab Sans fil \u00bb (Galerie Lin, Bruxelles)<\/p>\n<p>&#8211; &nbsp;2016 : Projection du film \u00ab Le passage \u00bb core\u0301alise\u0301 avec Corentin Cordier<\/p>\n<p>(Cine\u0301ma Nova).<\/p>\n<p>&#8211; &nbsp;2016 : Exposition : 7e e\u0301dition des Parcours d&rsquo;Artistes de Profondsart-Limal.<\/p>\n<p>&#8211; &nbsp;2014 : Exposition : 6e e\u0301dition des Parcours d&rsquo;Artistes de Profondsart-Limal.<\/p>\n<\/div>\n<\/div>\n<\/div>\t\t\t\t\t\t<\/div>\n\t\t\t\t<\/div>\n\t\t\t\t\t<\/div>\n\t\t<\/div>\n\t\t\t\t<div class=\"elementor-column elementor-col-50 elementor-inner-column elementor-element elementor-element-f5fddfd\" data-id=\"f5fddfd\" data-element_type=\"column\">\n\t\t\t<div class=\"elementor-widget-wrap\">\n\t\t\t\t\t\t\t\t\t<\/div>\n\t\t<\/div>\n\t\t\t\t\t\t\t<\/div>\n\t\t<\/section>\n\t\t\t\t\t<\/div>\n\t\t<\/div>\n\t\t\t\t\t\t\t<\/div>\n\t\t<\/section>\n\t\t\t\t\t\t<\/div>\n\t\t\t\t\t<\/div>\n\t\t","protected":false},"excerpt":{"rendered":"<p>BIOGRAPHIE Artiste visuel et plasticien, Yvon Goossens, n\u00e9 le 25 avril 1988, vit et travaille \u00e0 Bruxelles. Il obtient un grade de master \u00e0 finalit\u00e9 approfondie en arts plastiques visuels et de l&rsquo;espace, avec une sp\u00e9cialisation en peinture, \u00e0 l&rsquo;Acad\u00e9mie Royale des Beaux-Arts de Bruxelles (ARBA-ESA). Il est \u00e9galement titulaire de l&rsquo;Agr\u00e9gation de l&rsquo;enseignement secondaire &#8230; <a title=\"BIOGRAPHIE\" class=\"read-more\" href=\"https:\/\/yvongoossens.com\/index.php\/biographie\/\" aria-label=\"En savoir plus sur BIOGRAPHIE\">Lire la suite<\/a><\/p>\n","protected":false},"author":1,"featured_media":0,"parent":0,"menu_order":0,"comment_status":"closed","ping_status":"closed","template":"elementor_header_footer","meta":{"footnotes":""},"_links":{"self":[{"href":"https:\/\/yvongoossens.com\/index.php\/wp-json\/wp\/v2\/pages\/3138"}],"collection":[{"href":"https:\/\/yvongoossens.com\/index.php\/wp-json\/wp\/v2\/pages"}],"about":[{"href":"https:\/\/yvongoossens.com\/index.php\/wp-json\/wp\/v2\/types\/page"}],"author":[{"embeddable":true,"href":"https:\/\/yvongoossens.com\/index.php\/wp-json\/wp\/v2\/users\/1"}],"replies":[{"embeddable":true,"href":"https:\/\/yvongoossens.com\/index.php\/wp-json\/wp\/v2\/comments?post=3138"}],"version-history":[{"count":29,"href":"https:\/\/yvongoossens.com\/index.php\/wp-json\/wp\/v2\/pages\/3138\/revisions"}],"predecessor-version":[{"id":3243,"href":"https:\/\/yvongoossens.com\/index.php\/wp-json\/wp\/v2\/pages\/3138\/revisions\/3243"}],"wp:attachment":[{"href":"https:\/\/yvongoossens.com\/index.php\/wp-json\/wp\/v2\/media?parent=3138"}],"curies":[{"name":"wp","href":"https:\/\/api.w.org\/{rel}","templated":true}]}}